{"id":28524,"date":"2023-01-06T20:08:25","date_gmt":"2023-01-06T20:08:25","guid":{"rendered":"https:\/\/casadastintasans.com.br\/?post_type=product&#038;p=28524"},"modified":"2023-01-06T20:42:46","modified_gmt":"2023-01-06T20:42:46","slug":"suvinil-massa-corrida-galao-57kg","status":"publish","type":"product","link":"https:\/\/casadastintasans.com.br\/index.php\/produto\/suvinil-massa-corrida-galao-57kg\/","title":{"rendered":"Suvinil Massa Corrida Gal\u00e3o 5,7Kg"},"content":{"rendered":"","protected":false},"excerpt":{"rendered":"<p>Suvinil Massa Corrida preenche as imperfei\u00e7\u00f5es para que a superf\u00edcie fique lisa e branca, pronta para receber a tinta. Ela tamb\u00e9m \u00e9 f\u00e1cil de aplicar e lixar, otimizando o seu tempo!<\/p>\n","protected":false},"featured_media":28533,"template":"","meta":[],"product_brand":[],"product_cat":[189,144],"product_tag":[],"class_list":{"0":"post-28524","1":"product","2":"type-product","3":"status-publish","4":"has-post-thumbnail","6":"product_cat-complementos","7":"product_cat-linha-imobiliaria","9":"first","10":"instock","11":"shipping-taxable","12":"product-type-simple"},"aioseo_notices":[],"_links":{"self":[{"href":"https:\/\/casadastintasans.com.br\/index.php\/wp-json\/wp\/v2\/product\/28524","targetHints":{"allow":["GET"]}}],"collection":[{"href":"https:\/\/casadastintasans.com.br\/index.php\/wp-json\/wp\/v2\/product"}],"about":[{"href":"https:\/\/casadastintasans.com.br\/index.php\/wp-json\/wp\/v2\/types\/product"}],"wp:featuredmedia":[{"embeddable":true,"href":"https:\/\/casadastintasans.com.br\/index.php\/wp-json\/wp\/v2\/media\/28533"}],"wp:attachment":[{"href":"https:\/\/casadastintasans.com.br\/index.php\/wp-json\/wp\/v2\/media?parent=28524"}],"wp:term":[{"taxonomy":"product_brand","embeddable":true,"href":"https:\/\/casadastintasans.com.br\/index.php\/wp-json\/wp\/v2\/product_brand?post=28524"},{"taxonomy":"product_cat","embeddable":true,"href":"https:\/\/casadastintasans.com.br\/index.php\/wp-json\/wp\/v2\/product_cat?post=28524"},{"taxonomy":"product_tag","embeddable":true,"href":"https:\/\/casadastintasans.com.br\/index.php\/wp-json\/wp\/v2\/product_tag?post=28524"}],"curies":[{"name":"wp","href":"https:\/\/api.w.org\/{rel}","templated":true}]}}