{"id":28519,"date":"2023-01-04T20:21:09","date_gmt":"2023-01-04T20:21:09","guid":{"rendered":"https:\/\/casadastintasans.com.br\/?post_type=product&#038;p=28519"},"modified":"2023-05-15T16:22:53","modified_gmt":"2023-05-15T19:22:53","slug":"onde-comprar-novacor-esmalte-sintetico-acetinado","status":"publish","type":"product","link":"https:\/\/casadastintasans.com.br\/index.php\/produto\/onde-comprar-novacor-esmalte-sintetico-acetinado\/","title":{"rendered":"NovaCor Esmalte Sint\u00e9tico Acetinado"},"content":{"rendered":"","protected":false},"excerpt":{"rendered":"<p>Produto alqu\u00eddico de alta qualidade, recomendado para uso em superf\u00edcies externas e internas de madeira e metais. Possui f\u00e1cil aplica\u00e7\u00e3o, \u00f3tima cobertura e alta durabilidade. Pode ser aplicado em madeiras, metais e vimes, formando uma pel\u00edcula aderente e flex\u00edvel de grande resist\u00eancia a intemp\u00e9ries, \u00f3leos, graxas e gorduras.<\/p>\n","protected":false},"featured_media":28517,"template":"","meta":[],"product_brand":[],"product_cat":[158,159,160],"product_tag":[],"class_list":{"0":"post-28519","1":"product","2":"type-product","3":"status-publish","4":"has-post-thumbnail","6":"product_cat-madeiras","7":"product_cat-metais","8":"product_cat-outras-superficies","10":"first","11":"instock","12":"shipping-taxable","13":"product-type-simple"},"aioseo_notices":[],"_links":{"self":[{"href":"https:\/\/casadastintasans.com.br\/index.php\/wp-json\/wp\/v2\/product\/28519","targetHints":{"allow":["GET"]}}],"collection":[{"href":"https:\/\/casadastintasans.com.br\/index.php\/wp-json\/wp\/v2\/product"}],"about":[{"href":"https:\/\/casadastintasans.com.br\/index.php\/wp-json\/wp\/v2\/types\/product"}],"wp:featuredmedia":[{"embeddable":true,"href":"https:\/\/casadastintasans.com.br\/index.php\/wp-json\/wp\/v2\/media\/28517"}],"wp:attachment":[{"href":"https:\/\/casadastintasans.com.br\/index.php\/wp-json\/wp\/v2\/media?parent=28519"}],"wp:term":[{"taxonomy":"product_brand","embeddable":true,"href":"https:\/\/casadastintasans.com.br\/index.php\/wp-json\/wp\/v2\/product_brand?post=28519"},{"taxonomy":"product_cat","embeddable":true,"href":"https:\/\/casadastintasans.com.br\/index.php\/wp-json\/wp\/v2\/product_cat?post=28519"},{"taxonomy":"product_tag","embeddable":true,"href":"https:\/\/casadastintasans.com.br\/index.php\/wp-json\/wp\/v2\/product_tag?post=28519"}],"curies":[{"name":"wp","href":"https:\/\/api.w.org\/{rel}","templated":true}]}}