{"id":28502,"date":"2023-01-03T20:23:03","date_gmt":"2023-01-03T20:23:03","guid":{"rendered":"https:\/\/casadastintasans.com.br\/?post_type=product&#038;p=28502"},"modified":"2023-01-03T20:24:10","modified_gmt":"2023-01-03T20:24:10","slug":"nova-cor-piso-ultra-18l","status":"publish","type":"product","link":"https:\/\/casadastintasans.com.br\/index.php\/produto\/nova-cor-piso-ultra-18l\/","title":{"rendered":"Nova Cor Piso Ultra 18L"},"content":{"rendered":"","protected":false},"excerpt":{"rendered":"<p>Tinta \u00e0 base de resina acr\u00edlica, indicada para aplica\u00e7\u00e3o em superf\u00edcies que necessitem de grande resist\u00eancia ao tr\u00e1fego de pessoas e autom\u00f3veis, como pisos cimentados de quadras esportivas. Sua f\u00f3rmula permite resist\u00eancia a produtos de limpeza, gasolina, graxas e \u00f3leos, podendo ser aplicado em pisos de postos de gasolina, oficinas mec\u00e2nicas, entre outros. Possui excelente durabilidade, grande poder de cobertura e acabamento semibrilho.<\/p>\n","protected":false},"featured_media":28503,"template":"","meta":[],"product_brand":[],"product_cat":[162,144,178],"product_tag":[],"class_list":{"0":"post-28502","1":"product","2":"type-product","3":"status-publish","4":"has-post-thumbnail","6":"product_cat-exterior","7":"product_cat-linha-imobiliaria","8":"product_cat-sherwin-williams","10":"first","11":"instock","12":"shipping-taxable","13":"product-type-simple"},"aioseo_notices":[],"_links":{"self":[{"href":"https:\/\/casadastintasans.com.br\/index.php\/wp-json\/wp\/v2\/product\/28502","targetHints":{"allow":["GET"]}}],"collection":[{"href":"https:\/\/casadastintasans.com.br\/index.php\/wp-json\/wp\/v2\/product"}],"about":[{"href":"https:\/\/casadastintasans.com.br\/index.php\/wp-json\/wp\/v2\/types\/product"}],"wp:featuredmedia":[{"embeddable":true,"href":"https:\/\/casadastintasans.com.br\/index.php\/wp-json\/wp\/v2\/media\/28503"}],"wp:attachment":[{"href":"https:\/\/casadastintasans.com.br\/index.php\/wp-json\/wp\/v2\/media?parent=28502"}],"wp:term":[{"taxonomy":"product_brand","embeddable":true,"href":"https:\/\/casadastintasans.com.br\/index.php\/wp-json\/wp\/v2\/product_brand?post=28502"},{"taxonomy":"product_cat","embeddable":true,"href":"https:\/\/casadastintasans.com.br\/index.php\/wp-json\/wp\/v2\/product_cat?post=28502"},{"taxonomy":"product_tag","embeddable":true,"href":"https:\/\/casadastintasans.com.br\/index.php\/wp-json\/wp\/v2\/product_tag?post=28502"}],"curies":[{"name":"wp","href":"https:\/\/api.w.org\/{rel}","templated":true}]}}