{"id":28499,"date":"2023-01-02T20:26:35","date_gmt":"2023-01-02T20:26:35","guid":{"rendered":"https:\/\/casadastintasans.com.br\/?post_type=product&#038;p=28499"},"modified":"2023-01-02T20:26:35","modified_gmt":"2023-01-02T20:26:35","slug":"primer-para-acrilico-riscado-lidertex","status":"publish","type":"product","link":"https:\/\/casadastintasans.com.br\/index.php\/produto\/primer-para-acrilico-riscado-lidertex\/","title":{"rendered":"PRIMER PARA ACR\u00cdLICO RISCADO LIDERTEX"},"content":{"rendered":"","protected":false},"excerpt":{"rendered":"<p>Primer acr\u00edlico Lidertex , \u00e0 base de resina acr\u00edlica, indicado para uso como fundo para riscado e textura. Possui acabamento fosco e \u00e9 indicado para selar e uniformizar a absor\u00e7\u00e3o das superf\u00edcies, tem alto poder de enchimento, melhorando assim o rendimento final dos riscados e texturas, podendo ser aplicado sobre reboco e cimento curado, fibrocimento, blocos e demais superf\u00edcies desde que devidamente preparadas. Tem baixo odor e secagem r\u00e1pida. Tamb\u00e9m indicado para \u00e1reas internas e externas de: reboco, texturas, concreto, massa acr\u00edlica ou corrida, fibrocimento e gesso.<\/p>\n","protected":false},"featured_media":28497,"template":"","meta":[],"product_brand":[],"product_cat":[189,144],"product_tag":[],"class_list":{"0":"post-28499","1":"product","2":"type-product","3":"status-publish","4":"has-post-thumbnail","6":"product_cat-complementos","7":"product_cat-linha-imobiliaria","9":"first","10":"instock","11":"shipping-taxable","12":"product-type-simple"},"aioseo_notices":[],"_links":{"self":[{"href":"https:\/\/casadastintasans.com.br\/index.php\/wp-json\/wp\/v2\/product\/28499","targetHints":{"allow":["GET"]}}],"collection":[{"href":"https:\/\/casadastintasans.com.br\/index.php\/wp-json\/wp\/v2\/product"}],"about":[{"href":"https:\/\/casadastintasans.com.br\/index.php\/wp-json\/wp\/v2\/types\/product"}],"wp:featuredmedia":[{"embeddable":true,"href":"https:\/\/casadastintasans.com.br\/index.php\/wp-json\/wp\/v2\/media\/28497"}],"wp:attachment":[{"href":"https:\/\/casadastintasans.com.br\/index.php\/wp-json\/wp\/v2\/media?parent=28499"}],"wp:term":[{"taxonomy":"product_brand","embeddable":true,"href":"https:\/\/casadastintasans.com.br\/index.php\/wp-json\/wp\/v2\/product_brand?post=28499"},{"taxonomy":"product_cat","embeddable":true,"href":"https:\/\/casadastintasans.com.br\/index.php\/wp-json\/wp\/v2\/product_cat?post=28499"},{"taxonomy":"product_tag","embeddable":true,"href":"https:\/\/casadastintasans.com.br\/index.php\/wp-json\/wp\/v2\/product_tag?post=28499"}],"curies":[{"name":"wp","href":"https:\/\/api.w.org\/{rel}","templated":true}]}}