{"id":28498,"date":"2023-01-02T20:24:50","date_gmt":"2023-01-02T20:24:50","guid":{"rendered":"https:\/\/casadastintasans.com.br\/?post_type=product&#038;p=28498"},"modified":"2023-01-02T20:24:50","modified_gmt":"2023-01-02T20:24:50","slug":"fundo-preparador-de-parede-lidertex","status":"publish","type":"product","link":"https:\/\/casadastintasans.com.br\/index.php\/produto\/fundo-preparador-de-parede-lidertex\/","title":{"rendered":"FUNDO PREPARADOR DE PAREDE LIDERTEX"},"content":{"rendered":"","protected":false},"excerpt":{"rendered":"<p><b>LIDERTEX FUNDO PREPARADOR PARA PAREDES\u00a0<\/b>foi especialmente desenvolvido para aumentar a coes\u00e3o de part\u00edculas em superf\u00edcies, externas e internas, porosas como fibrocimento, gesso, concreto novo, reboco fraco, bem como para solucionar problemas em superf\u00edcies saponificadas, calcinadas, descascadas ou pintadas com cal. Possui excelente poder de penetra\u00e7\u00e3o, baix\u00edssimo odor e f\u00e1cil aplica\u00e7\u00e3o.<\/p>\n","protected":false},"featured_media":28497,"template":"","meta":[],"product_brand":[],"product_cat":[189,144],"product_tag":[],"class_list":{"0":"post-28498","1":"product","2":"type-product","3":"status-publish","4":"has-post-thumbnail","6":"product_cat-complementos","7":"product_cat-linha-imobiliaria","9":"first","10":"instock","11":"shipping-taxable","12":"product-type-simple"},"aioseo_notices":[],"_links":{"self":[{"href":"https:\/\/casadastintasans.com.br\/index.php\/wp-json\/wp\/v2\/product\/28498","targetHints":{"allow":["GET"]}}],"collection":[{"href":"https:\/\/casadastintasans.com.br\/index.php\/wp-json\/wp\/v2\/product"}],"about":[{"href":"https:\/\/casadastintasans.com.br\/index.php\/wp-json\/wp\/v2\/types\/product"}],"wp:featuredmedia":[{"embeddable":true,"href":"https:\/\/casadastintasans.com.br\/index.php\/wp-json\/wp\/v2\/media\/28497"}],"wp:attachment":[{"href":"https:\/\/casadastintasans.com.br\/index.php\/wp-json\/wp\/v2\/media?parent=28498"}],"wp:term":[{"taxonomy":"product_brand","embeddable":true,"href":"https:\/\/casadastintasans.com.br\/index.php\/wp-json\/wp\/v2\/product_brand?post=28498"},{"taxonomy":"product_cat","embeddable":true,"href":"https:\/\/casadastintasans.com.br\/index.php\/wp-json\/wp\/v2\/product_cat?post=28498"},{"taxonomy":"product_tag","embeddable":true,"href":"https:\/\/casadastintasans.com.br\/index.php\/wp-json\/wp\/v2\/product_tag?post=28498"}],"curies":[{"name":"wp","href":"https:\/\/api.w.org\/{rel}","templated":true}]}}