{"id":28453,"date":"2022-12-20T19:24:04","date_gmt":"2022-12-20T19:24:04","guid":{"rendered":"https:\/\/casadastintasans.com.br\/?post_type=product&#038;p=28453"},"modified":"2022-12-20T19:26:50","modified_gmt":"2022-12-20T19:26:50","slug":"lidertex-acrilica-super-rendimento-18l","status":"publish","type":"product","link":"https:\/\/casadastintasans.com.br\/index.php\/produto\/lidertex-acrilica-super-rendimento-18l\/","title":{"rendered":"LIDERTEX ACRILICA SUPER-RENDIMENTO 18L"},"content":{"rendered":"","protected":false},"excerpt":{"rendered":"<p>LIDERTEX ACRILICA SUPER-RENDIMENTO \u00e9 uma tinta acr\u00edlica fosco, de elevada consist\u00eancia, cobertura e rendimento. De f\u00e1cil aplica\u00e7\u00e3o e muito baixo respingamento, mesmo em dilui\u00e7\u00f5es elevadas mantendo as caracter\u00edsticas de cobertura e resist\u00eancia. Indicada para pinturas de superf\u00edcies externas e internas de concreto, reboco, blocos de cimento, gesso, fibrocimento massas corrida e acr\u00edlica, texturas e repinturas em geral.<\/p>\n","protected":false},"featured_media":28457,"template":"","meta":[],"product_brand":[],"product_cat":[162,179,177,144],"product_tag":[],"class_list":{"0":"post-28453","1":"product","2":"type-product","3":"status-publish","4":"has-post-thumbnail","6":"product_cat-exterior","7":"product_cat-interior","8":"product_cat-lidertex","9":"product_cat-linha-imobiliaria","11":"first","12":"instock","13":"shipping-taxable","14":"product-type-simple"},"aioseo_notices":[],"_links":{"self":[{"href":"https:\/\/casadastintasans.com.br\/index.php\/wp-json\/wp\/v2\/product\/28453","targetHints":{"allow":["GET"]}}],"collection":[{"href":"https:\/\/casadastintasans.com.br\/index.php\/wp-json\/wp\/v2\/product"}],"about":[{"href":"https:\/\/casadastintasans.com.br\/index.php\/wp-json\/wp\/v2\/types\/product"}],"wp:featuredmedia":[{"embeddable":true,"href":"https:\/\/casadastintasans.com.br\/index.php\/wp-json\/wp\/v2\/media\/28457"}],"wp:attachment":[{"href":"https:\/\/casadastintasans.com.br\/index.php\/wp-json\/wp\/v2\/media?parent=28453"}],"wp:term":[{"taxonomy":"product_brand","embeddable":true,"href":"https:\/\/casadastintasans.com.br\/index.php\/wp-json\/wp\/v2\/product_brand?post=28453"},{"taxonomy":"product_cat","embeddable":true,"href":"https:\/\/casadastintasans.com.br\/index.php\/wp-json\/wp\/v2\/product_cat?post=28453"},{"taxonomy":"product_tag","embeddable":true,"href":"https:\/\/casadastintasans.com.br\/index.php\/wp-json\/wp\/v2\/product_tag?post=28453"}],"curies":[{"name":"wp","href":"https:\/\/api.w.org\/{rel}","templated":true}]}}