{"id":28423,"date":"2022-12-19T20:29:09","date_gmt":"2022-12-19T20:29:09","guid":{"rendered":"https:\/\/casadastintasans.com.br\/?post_type=product&#038;p=28423"},"modified":"2022-12-19T20:29:42","modified_gmt":"2022-12-19T20:29:42","slug":"lidertex-acrilica-standard-18l","status":"publish","type":"product","link":"https:\/\/casadastintasans.com.br\/index.php\/produto\/lidertex-acrilica-standard-18l\/","title":{"rendered":"LIDERTEX ACR\u00cdLICA STANDARD 18L"},"content":{"rendered":"","protected":false},"excerpt":{"rendered":"<p>LIDERTEX ACR\u00cdLICA STANDARD \u00e9 uma tinta acr\u00edlica fosca e de boa cobertura, rendimento e resist\u00eancia \u00e0s intemp\u00e9ries, de f\u00e1cil aplica\u00e7\u00e3o e baixo respingamento. \u00a0Indicada para superf\u00edcies externas e internas de concreto, reboco, blocos de cimento, gesso, fibrocimento massas corrida e acr\u00edlica, texturas e repinturas em geral..<\/p>\n","protected":false},"featured_media":28444,"template":"","meta":[],"product_brand":[],"product_cat":[162,179,177,144],"product_tag":[],"class_list":{"0":"post-28423","1":"product","2":"type-product","3":"status-publish","4":"has-post-thumbnail","6":"product_cat-exterior","7":"product_cat-interior","8":"product_cat-lidertex","9":"product_cat-linha-imobiliaria","11":"first","12":"instock","13":"shipping-taxable","14":"product-type-simple"},"aioseo_notices":[],"_links":{"self":[{"href":"https:\/\/casadastintasans.com.br\/index.php\/wp-json\/wp\/v2\/product\/28423","targetHints":{"allow":["GET"]}}],"collection":[{"href":"https:\/\/casadastintasans.com.br\/index.php\/wp-json\/wp\/v2\/product"}],"about":[{"href":"https:\/\/casadastintasans.com.br\/index.php\/wp-json\/wp\/v2\/types\/product"}],"wp:featuredmedia":[{"embeddable":true,"href":"https:\/\/casadastintasans.com.br\/index.php\/wp-json\/wp\/v2\/media\/28444"}],"wp:attachment":[{"href":"https:\/\/casadastintasans.com.br\/index.php\/wp-json\/wp\/v2\/media?parent=28423"}],"wp:term":[{"taxonomy":"product_brand","embeddable":true,"href":"https:\/\/casadastintasans.com.br\/index.php\/wp-json\/wp\/v2\/product_brand?post=28423"},{"taxonomy":"product_cat","embeddable":true,"href":"https:\/\/casadastintasans.com.br\/index.php\/wp-json\/wp\/v2\/product_cat?post=28423"},{"taxonomy":"product_tag","embeddable":true,"href":"https:\/\/casadastintasans.com.br\/index.php\/wp-json\/wp\/v2\/product_tag?post=28423"}],"curies":[{"name":"wp","href":"https:\/\/api.w.org\/{rel}","templated":true}]}}