{"id":28004,"date":"2021-07-10T12:17:25","date_gmt":"2021-07-10T12:17:25","guid":{"rendered":"http:\/\/casadastintasans.com.br\/?post_type=product&#038;p=28004"},"modified":"2021-07-10T12:17:25","modified_gmt":"2021-07-10T12:17:25","slug":"norton-algodao-para-polimento","status":"publish","type":"product","link":"https:\/\/casadastintasans.com.br\/index.php\/produto\/norton-algodao-para-polimento\/","title":{"rendered":"Norton Algod\u00e3o para polimento"},"content":{"rendered":"","protected":false},"excerpt":{"rendered":"<div class=\"product-description\">\n<div class=\"block-wysiwyg\">\n<p class=\"rtejustify\">O Algod\u00e3o para polimento \u00e9 indicado para polimento de autom\u00f3veis, barcos, im\u00f3veis e para opera\u00e7\u00f5es de limpezas no geral. \u00c9 composto por fibras macias, alvejas e isentas de impurezas, e feitas em 100% algod\u00e3o. Possui formato calandrado, ou seja, em camadas.<\/p>\n<\/div>\n<\/div>\n<div class=\"product-attr-area\"><\/div>\n","protected":false},"featured_media":28005,"template":"","meta":[],"product_brand":[],"product_cat":[145],"product_tag":[],"class_list":{"0":"post-28004","1":"product","2":"type-product","3":"status-publish","4":"has-post-thumbnail","6":"product_cat-acessorios","8":"first","9":"instock","10":"shipping-taxable","11":"product-type-simple"},"aioseo_notices":[],"_links":{"self":[{"href":"https:\/\/casadastintasans.com.br\/index.php\/wp-json\/wp\/v2\/product\/28004","targetHints":{"allow":["GET"]}}],"collection":[{"href":"https:\/\/casadastintasans.com.br\/index.php\/wp-json\/wp\/v2\/product"}],"about":[{"href":"https:\/\/casadastintasans.com.br\/index.php\/wp-json\/wp\/v2\/types\/product"}],"wp:featuredmedia":[{"embeddable":true,"href":"https:\/\/casadastintasans.com.br\/index.php\/wp-json\/wp\/v2\/media\/28005"}],"wp:attachment":[{"href":"https:\/\/casadastintasans.com.br\/index.php\/wp-json\/wp\/v2\/media?parent=28004"}],"wp:term":[{"taxonomy":"product_brand","embeddable":true,"href":"https:\/\/casadastintasans.com.br\/index.php\/wp-json\/wp\/v2\/product_brand?post=28004"},{"taxonomy":"product_cat","embeddable":true,"href":"https:\/\/casadastintasans.com.br\/index.php\/wp-json\/wp\/v2\/product_cat?post=28004"},{"taxonomy":"product_tag","embeddable":true,"href":"https:\/\/casadastintasans.com.br\/index.php\/wp-json\/wp\/v2\/product_tag?post=28004"}],"curies":[{"name":"wp","href":"https:\/\/api.w.org\/{rel}","templated":true}]}}