{"id":27998,"date":"2021-07-10T11:57:41","date_gmt":"2021-07-10T11:57:41","guid":{"rendered":"http:\/\/casadastintasans.com.br\/?post_type=product&#038;p=27998"},"modified":"2021-07-10T11:57:41","modified_gmt":"2021-07-10T11:57:41","slug":"norton-disco-de-lixa-speed-grip-g125","status":"publish","type":"product","link":"https:\/\/casadastintasans.com.br\/index.php\/produto\/norton-disco-de-lixa-speed-grip-g125\/","title":{"rendered":"Norton Disco de Lixa Speed-Grip G125"},"content":{"rendered":"","protected":false},"excerpt":{"rendered":"<div class=\"product-description\">\n<div class=\"block-wysiwyg\">\n<p class=\"rtejustify\">O disco de lixa G125 (com pluma) \u00e9 uma lixa de papel com gr\u00e3o \u00f3xido de alum\u00ednio branco, indicado para realiza\u00e7\u00e3o de lixamento mecanizado de madeiras cruas, pintas e envernizadas. Refer\u00eancia no segmento, a lixa G125 \u00e9 ideal para m\u00e9dias e pequenas remo\u00e7\u00f5es de material, como madeiras, lacas, seladoras, vernizes e outros tipos de revestimentos para m\u00f3veis<\/p>\n<\/div>\n<\/div>\n<div class=\"product-attr-area\"><\/div>\n","protected":false},"featured_media":27999,"template":"","meta":[],"product_brand":[],"product_cat":[207,145,205],"product_tag":[],"class_list":{"0":"post-27998","1":"product","2":"type-product","3":"status-publish","4":"has-post-thumbnail","6":"product_cat-abrasivos","7":"product_cat-acessorios","8":"product_cat-discos","10":"first","11":"instock","12":"shipping-taxable","13":"product-type-simple"},"aioseo_notices":[],"_links":{"self":[{"href":"https:\/\/casadastintasans.com.br\/index.php\/wp-json\/wp\/v2\/product\/27998","targetHints":{"allow":["GET"]}}],"collection":[{"href":"https:\/\/casadastintasans.com.br\/index.php\/wp-json\/wp\/v2\/product"}],"about":[{"href":"https:\/\/casadastintasans.com.br\/index.php\/wp-json\/wp\/v2\/types\/product"}],"wp:featuredmedia":[{"embeddable":true,"href":"https:\/\/casadastintasans.com.br\/index.php\/wp-json\/wp\/v2\/media\/27999"}],"wp:attachment":[{"href":"https:\/\/casadastintasans.com.br\/index.php\/wp-json\/wp\/v2\/media?parent=27998"}],"wp:term":[{"taxonomy":"product_brand","embeddable":true,"href":"https:\/\/casadastintasans.com.br\/index.php\/wp-json\/wp\/v2\/product_brand?post=27998"},{"taxonomy":"product_cat","embeddable":true,"href":"https:\/\/casadastintasans.com.br\/index.php\/wp-json\/wp\/v2\/product_cat?post=27998"},{"taxonomy":"product_tag","embeddable":true,"href":"https:\/\/casadastintasans.com.br\/index.php\/wp-json\/wp\/v2\/product_tag?post=27998"}],"curies":[{"name":"wp","href":"https:\/\/api.w.org\/{rel}","templated":true}]}}