{"id":27988,"date":"2021-07-10T11:15:18","date_gmt":"2021-07-10T11:15:18","guid":{"rendered":"http:\/\/casadastintasans.com.br\/?post_type=product&#038;p=27988"},"modified":"2021-07-10T11:15:20","modified_gmt":"2021-07-10T11:15:20","slug":"sikatop-107","status":"publish","type":"product","link":"https:\/\/casadastintasans.com.br\/index.php\/produto\/sikatop-107\/","title":{"rendered":"SikaTop -107"},"content":{"rendered":"","protected":false},"excerpt":{"rendered":"<p>SikaTop\u00ae 107 \u00e9 um revestimento semi-flex\u00edvel, impermeabilizante e protetor, bicomponente, \u00e0 base de cimento, areias selecionadas e resina acr\u00edlica para uso em concreto, argamassa ou alvenaria com excelente ader\u00eancia e impermeabilidade. SikaTop\u00ae 107 \u00e9 fornecido pronto para o uso, bastando misturar os componentes A (l\u00edquido) e B (p\u00f3).<\/p>\n","protected":false},"featured_media":27989,"template":"","meta":[],"product_brand":[],"product_cat":[190,191],"product_tag":[],"class_list":{"0":"post-27988","1":"product","2":"type-product","3":"status-publish","4":"has-post-thumbnail","6":"product_cat-selanteseimpermeabilizante","7":"product_cat-sika","9":"first","10":"instock","11":"shipping-taxable","12":"product-type-simple"},"aioseo_notices":[],"_links":{"self":[{"href":"https:\/\/casadastintasans.com.br\/index.php\/wp-json\/wp\/v2\/product\/27988","targetHints":{"allow":["GET"]}}],"collection":[{"href":"https:\/\/casadastintasans.com.br\/index.php\/wp-json\/wp\/v2\/product"}],"about":[{"href":"https:\/\/casadastintasans.com.br\/index.php\/wp-json\/wp\/v2\/types\/product"}],"wp:featuredmedia":[{"embeddable":true,"href":"https:\/\/casadastintasans.com.br\/index.php\/wp-json\/wp\/v2\/media\/27989"}],"wp:attachment":[{"href":"https:\/\/casadastintasans.com.br\/index.php\/wp-json\/wp\/v2\/media?parent=27988"}],"wp:term":[{"taxonomy":"product_brand","embeddable":true,"href":"https:\/\/casadastintasans.com.br\/index.php\/wp-json\/wp\/v2\/product_brand?post=27988"},{"taxonomy":"product_cat","embeddable":true,"href":"https:\/\/casadastintasans.com.br\/index.php\/wp-json\/wp\/v2\/product_cat?post=27988"},{"taxonomy":"product_tag","embeddable":true,"href":"https:\/\/casadastintasans.com.br\/index.php\/wp-json\/wp\/v2\/product_tag?post=27988"}],"curies":[{"name":"wp","href":"https:\/\/api.w.org\/{rel}","templated":true}]}}