{"id":27967,"date":"2021-07-08T19:21:09","date_gmt":"2021-07-08T19:21:09","guid":{"rendered":"http:\/\/casadastintasans.com.br\/?post_type=product&#038;p=27967"},"modified":"2021-07-08T19:21:09","modified_gmt":"2021-07-08T19:21:09","slug":"lixador-manual-com-alca-presilha-ref-041","status":"publish","type":"product","link":"https:\/\/casadastintasans.com.br\/index.php\/produto\/lixador-manual-com-alca-presilha-ref-041\/","title":{"rendered":"Lixador Manual com Al\u00e7a\/Presilha Ref.041"},"content":{"rendered":"","protected":false},"excerpt":{"rendered":"<div id=\"descricao\">\n<blockquote><p>Fabricado em Poliestireno de Alto Impacto \u00e9 resistente a fortes quedas. Permite duas fun\u00e7\u00f5es no lixamento: simplesmente usando o cabo ou acoplando a conex\u00e3o para o uso do extensor, facilitando assim o lixamento em paredes mais altas ou tetos. Troca de cabo para conector f\u00e1cil e r\u00e1pido. Possui base de EVA emborrachado e macio para o perfeito acabamento. Aproveitamento completo da lixa e sem desperd\u00edcios. Alta produtividade, especialmente em grandes superf\u00edcies, com menor esfor\u00e7o f\u00edsico. Presilhas que permitem f\u00e1cil e r\u00e1pida fixa\u00e7\u00e3o da lixa.<\/p><\/blockquote>\n<\/div>\n<div id=\"detalhes\"><\/div>\n","protected":false},"featured_media":27968,"template":"","meta":[],"product_brand":[],"product_cat":[145],"product_tag":[],"class_list":{"0":"post-27967","1":"product","2":"type-product","3":"status-publish","4":"has-post-thumbnail","6":"product_cat-acessorios","8":"first","9":"instock","10":"shipping-taxable","11":"product-type-simple"},"aioseo_notices":[],"_links":{"self":[{"href":"https:\/\/casadastintasans.com.br\/index.php\/wp-json\/wp\/v2\/product\/27967","targetHints":{"allow":["GET"]}}],"collection":[{"href":"https:\/\/casadastintasans.com.br\/index.php\/wp-json\/wp\/v2\/product"}],"about":[{"href":"https:\/\/casadastintasans.com.br\/index.php\/wp-json\/wp\/v2\/types\/product"}],"wp:featuredmedia":[{"embeddable":true,"href":"https:\/\/casadastintasans.com.br\/index.php\/wp-json\/wp\/v2\/media\/27968"}],"wp:attachment":[{"href":"https:\/\/casadastintasans.com.br\/index.php\/wp-json\/wp\/v2\/media?parent=27967"}],"wp:term":[{"taxonomy":"product_brand","embeddable":true,"href":"https:\/\/casadastintasans.com.br\/index.php\/wp-json\/wp\/v2\/product_brand?post=27967"},{"taxonomy":"product_cat","embeddable":true,"href":"https:\/\/casadastintasans.com.br\/index.php\/wp-json\/wp\/v2\/product_cat?post=27967"},{"taxonomy":"product_tag","embeddable":true,"href":"https:\/\/casadastintasans.com.br\/index.php\/wp-json\/wp\/v2\/product_tag?post=27967"}],"curies":[{"name":"wp","href":"https:\/\/api.w.org\/{rel}","templated":true}]}}