{"id":27955,"date":"2021-07-08T16:30:37","date_gmt":"2021-07-08T16:30:37","guid":{"rendered":"http:\/\/casadastintasans.com.br\/?post_type=product&#038;p=27955"},"modified":"2021-07-08T16:30:37","modified_gmt":"2021-07-08T16:30:37","slug":"vonder-esquadro-articulado","status":"publish","type":"product","link":"https:\/\/casadastintasans.com.br\/index.php\/produto\/vonder-esquadro-articulado\/","title":{"rendered":"Vonder Esquadro Articulado"},"content":{"rendered":"","protected":false},"excerpt":{"rendered":"<p>Indicado para marca\u00e7\u00f5es e transfer\u00eancias de \u00e2ngulos e medidas na constru\u00e7\u00e3o civil. Utilizado em telhados, canos, paredes, pisos, entre outros.<\/p>\n","protected":false},"featured_media":27956,"template":"","meta":[],"product_brand":[],"product_cat":[145],"product_tag":[],"class_list":{"0":"post-27955","1":"product","2":"type-product","3":"status-publish","4":"has-post-thumbnail","6":"product_cat-acessorios","8":"first","9":"instock","10":"shipping-taxable","11":"product-type-simple"},"aioseo_notices":[],"_links":{"self":[{"href":"https:\/\/casadastintasans.com.br\/index.php\/wp-json\/wp\/v2\/product\/27955","targetHints":{"allow":["GET"]}}],"collection":[{"href":"https:\/\/casadastintasans.com.br\/index.php\/wp-json\/wp\/v2\/product"}],"about":[{"href":"https:\/\/casadastintasans.com.br\/index.php\/wp-json\/wp\/v2\/types\/product"}],"wp:featuredmedia":[{"embeddable":true,"href":"https:\/\/casadastintasans.com.br\/index.php\/wp-json\/wp\/v2\/media\/27956"}],"wp:attachment":[{"href":"https:\/\/casadastintasans.com.br\/index.php\/wp-json\/wp\/v2\/media?parent=27955"}],"wp:term":[{"taxonomy":"product_brand","embeddable":true,"href":"https:\/\/casadastintasans.com.br\/index.php\/wp-json\/wp\/v2\/product_brand?post=27955"},{"taxonomy":"product_cat","embeddable":true,"href":"https:\/\/casadastintasans.com.br\/index.php\/wp-json\/wp\/v2\/product_cat?post=27955"},{"taxonomy":"product_tag","embeddable":true,"href":"https:\/\/casadastintasans.com.br\/index.php\/wp-json\/wp\/v2\/product_tag?post=27955"}],"curies":[{"name":"wp","href":"https:\/\/api.w.org\/{rel}","templated":true}]}}