{"id":27949,"date":"2021-07-08T16:21:20","date_gmt":"2021-07-08T16:21:20","guid":{"rendered":"http:\/\/casadastintasans.com.br\/?post_type=product&#038;p=27949"},"modified":"2021-07-08T16:23:49","modified_gmt":"2021-07-08T16:23:49","slug":"vonder-flap-disc-60g-peq","status":"publish","type":"product","link":"https:\/\/casadastintasans.com.br\/index.php\/produto\/vonder-flap-disc-60g-peq\/","title":{"rendered":"VONDER FLAP-DISC 60G PEQ"},"content":{"rendered":"","protected":false},"excerpt":{"rendered":"<p>Indicado para desbaste e acabamento em a\u00e7o inox, alum\u00ednio, metais ferrosos e n\u00e3o ferrosos com esmerilhadeiras angulares.<\/p>\n","protected":false},"featured_media":27950,"template":"","meta":[],"product_brand":[],"product_cat":[207,145,205],"product_tag":[],"class_list":{"0":"post-27949","1":"product","2":"type-product","3":"status-publish","4":"has-post-thumbnail","6":"product_cat-abrasivos","7":"product_cat-acessorios","8":"product_cat-discos","10":"first","11":"instock","12":"shipping-taxable","13":"product-type-simple"},"aioseo_notices":[],"_links":{"self":[{"href":"https:\/\/casadastintasans.com.br\/index.php\/wp-json\/wp\/v2\/product\/27949","targetHints":{"allow":["GET"]}}],"collection":[{"href":"https:\/\/casadastintasans.com.br\/index.php\/wp-json\/wp\/v2\/product"}],"about":[{"href":"https:\/\/casadastintasans.com.br\/index.php\/wp-json\/wp\/v2\/types\/product"}],"wp:featuredmedia":[{"embeddable":true,"href":"https:\/\/casadastintasans.com.br\/index.php\/wp-json\/wp\/v2\/media\/27950"}],"wp:attachment":[{"href":"https:\/\/casadastintasans.com.br\/index.php\/wp-json\/wp\/v2\/media?parent=27949"}],"wp:term":[{"taxonomy":"product_brand","embeddable":true,"href":"https:\/\/casadastintasans.com.br\/index.php\/wp-json\/wp\/v2\/product_brand?post=27949"},{"taxonomy":"product_cat","embeddable":true,"href":"https:\/\/casadastintasans.com.br\/index.php\/wp-json\/wp\/v2\/product_cat?post=27949"},{"taxonomy":"product_tag","embeddable":true,"href":"https:\/\/casadastintasans.com.br\/index.php\/wp-json\/wp\/v2\/product_tag?post=27949"}],"curies":[{"name":"wp","href":"https:\/\/api.w.org\/{rel}","templated":true}]}}