{"id":27946,"date":"2021-07-07T20:37:02","date_gmt":"2021-07-07T20:37:02","guid":{"rendered":"http:\/\/casadastintasans.com.br\/?post_type=product&#038;p=27946"},"modified":"2021-07-07T20:37:02","modified_gmt":"2021-07-07T20:37:02","slug":"trena-curta-de-aco-5m-x-19mm","status":"publish","type":"product","link":"https:\/\/casadastintasans.com.br\/index.php\/produto\/trena-curta-de-aco-5m-x-19mm\/","title":{"rendered":"Trena Curta de A\u00e7o 5m x 19mm"},"content":{"rendered":"","protected":false},"excerpt":{"rendered":"<p>Indicada para medi\u00e7\u00f5es em geral.<\/p>\n","protected":false},"featured_media":27947,"template":"","meta":[],"product_brand":[],"product_cat":[145],"product_tag":[],"class_list":{"0":"post-27946","1":"product","2":"type-product","3":"status-publish","4":"has-post-thumbnail","6":"product_cat-acessorios","8":"first","9":"instock","10":"shipping-taxable","11":"product-type-simple"},"aioseo_notices":[],"_links":{"self":[{"href":"https:\/\/casadastintasans.com.br\/index.php\/wp-json\/wp\/v2\/product\/27946","targetHints":{"allow":["GET"]}}],"collection":[{"href":"https:\/\/casadastintasans.com.br\/index.php\/wp-json\/wp\/v2\/product"}],"about":[{"href":"https:\/\/casadastintasans.com.br\/index.php\/wp-json\/wp\/v2\/types\/product"}],"wp:featuredmedia":[{"embeddable":true,"href":"https:\/\/casadastintasans.com.br\/index.php\/wp-json\/wp\/v2\/media\/27947"}],"wp:attachment":[{"href":"https:\/\/casadastintasans.com.br\/index.php\/wp-json\/wp\/v2\/media?parent=27946"}],"wp:term":[{"taxonomy":"product_brand","embeddable":true,"href":"https:\/\/casadastintasans.com.br\/index.php\/wp-json\/wp\/v2\/product_brand?post=27946"},{"taxonomy":"product_cat","embeddable":true,"href":"https:\/\/casadastintasans.com.br\/index.php\/wp-json\/wp\/v2\/product_cat?post=27946"},{"taxonomy":"product_tag","embeddable":true,"href":"https:\/\/casadastintasans.com.br\/index.php\/wp-json\/wp\/v2\/product_tag?post=27946"}],"curies":[{"name":"wp","href":"https:\/\/api.w.org\/{rel}","templated":true}]}}