{"id":27930,"date":"2021-07-05T20:56:04","date_gmt":"2021-07-05T20:56:04","guid":{"rendered":"http:\/\/casadastintasans.com.br\/?post_type=product&#038;p=27930"},"modified":"2021-07-05T20:56:04","modified_gmt":"2021-07-05T20:56:04","slug":"escova-de-aco-3-fileiras-1840-3","status":"publish","type":"product","link":"https:\/\/casadastintasans.com.br\/index.php\/produto\/escova-de-aco-3-fileiras-1840-3\/","title":{"rendered":"ESCOVA DE A\u00c7O 3 FILEIRAS 1840\/3"},"content":{"rendered":"","protected":false},"excerpt":{"rendered":"<p>Escova de a\u00e7o temperado importado. As cerdas em a\u00e7o s\u00e3o resistentes e aguentam o trabalho pesado de lixar, remover tintas e preparar superf\u00edcies, enquanto seu cabo pl\u00e1stico \u00e9 confort\u00e1vel e com maior durabilidade. Ideal para limpeza em geral e textura escovado.<\/p>\n","protected":false},"featured_media":27931,"template":"","meta":[],"product_brand":[],"product_cat":[209,210],"product_tag":[],"class_list":{"0":"post-27930","1":"product","2":"type-product","3":"status-publish","4":"has-post-thumbnail","6":"product_cat-ferramentas-2","7":"product_cat-ferramentas","9":"first","10":"instock","11":"shipping-taxable","12":"product-type-simple"},"aioseo_notices":[],"_links":{"self":[{"href":"https:\/\/casadastintasans.com.br\/index.php\/wp-json\/wp\/v2\/product\/27930","targetHints":{"allow":["GET"]}}],"collection":[{"href":"https:\/\/casadastintasans.com.br\/index.php\/wp-json\/wp\/v2\/product"}],"about":[{"href":"https:\/\/casadastintasans.com.br\/index.php\/wp-json\/wp\/v2\/types\/product"}],"wp:featuredmedia":[{"embeddable":true,"href":"https:\/\/casadastintasans.com.br\/index.php\/wp-json\/wp\/v2\/media\/27931"}],"wp:attachment":[{"href":"https:\/\/casadastintasans.com.br\/index.php\/wp-json\/wp\/v2\/media?parent=27930"}],"wp:term":[{"taxonomy":"product_brand","embeddable":true,"href":"https:\/\/casadastintasans.com.br\/index.php\/wp-json\/wp\/v2\/product_brand?post=27930"},{"taxonomy":"product_cat","embeddable":true,"href":"https:\/\/casadastintasans.com.br\/index.php\/wp-json\/wp\/v2\/product_cat?post=27930"},{"taxonomy":"product_tag","embeddable":true,"href":"https:\/\/casadastintasans.com.br\/index.php\/wp-json\/wp\/v2\/product_tag?post=27930"}],"curies":[{"name":"wp","href":"https:\/\/api.w.org\/{rel}","templated":true}]}}