{"id":27921,"date":"2021-07-05T19:09:24","date_gmt":"2021-07-05T19:09:24","guid":{"rendered":"http:\/\/casadastintasans.com.br\/?post_type=product&#038;p=27921"},"modified":"2021-07-05T19:09:46","modified_gmt":"2021-07-05T19:09:46","slug":"desempenadeira-de-aco-inox-trapezio-at111","status":"publish","type":"product","link":"https:\/\/casadastintasans.com.br\/index.php\/produto\/desempenadeira-de-aco-inox-trapezio-at111\/","title":{"rendered":"DESEMPENADEIRA DE A\u00c7O TRAPEZIO AT111"},"content":{"rendered":"","protected":false},"excerpt":{"rendered":"<p>Desempenadeira em a\u00e7o inoxid\u00e1vel com base chanfrada e cabo emborrachado.<\/p>\n","protected":false},"featured_media":27922,"template":"","meta":[],"product_brand":[],"product_cat":[209,210],"product_tag":[],"class_list":{"0":"post-27921","1":"product","2":"type-product","3":"status-publish","4":"has-post-thumbnail","6":"product_cat-ferramentas-2","7":"product_cat-ferramentas","9":"first","10":"instock","11":"shipping-taxable","12":"product-type-simple"},"aioseo_notices":[],"_links":{"self":[{"href":"https:\/\/casadastintasans.com.br\/index.php\/wp-json\/wp\/v2\/product\/27921","targetHints":{"allow":["GET"]}}],"collection":[{"href":"https:\/\/casadastintasans.com.br\/index.php\/wp-json\/wp\/v2\/product"}],"about":[{"href":"https:\/\/casadastintasans.com.br\/index.php\/wp-json\/wp\/v2\/types\/product"}],"wp:featuredmedia":[{"embeddable":true,"href":"https:\/\/casadastintasans.com.br\/index.php\/wp-json\/wp\/v2\/media\/27922"}],"wp:attachment":[{"href":"https:\/\/casadastintasans.com.br\/index.php\/wp-json\/wp\/v2\/media?parent=27921"}],"wp:term":[{"taxonomy":"product_brand","embeddable":true,"href":"https:\/\/casadastintasans.com.br\/index.php\/wp-json\/wp\/v2\/product_brand?post=27921"},{"taxonomy":"product_cat","embeddable":true,"href":"https:\/\/casadastintasans.com.br\/index.php\/wp-json\/wp\/v2\/product_cat?post=27921"},{"taxonomy":"product_tag","embeddable":true,"href":"https:\/\/casadastintasans.com.br\/index.php\/wp-json\/wp\/v2\/product_tag?post=27921"}],"curies":[{"name":"wp","href":"https:\/\/api.w.org\/{rel}","templated":true}]}}