{"id":27919,"date":"2021-07-05T19:04:39","date_gmt":"2021-07-05T19:04:39","guid":{"rendered":"http:\/\/casadastintasans.com.br\/?post_type=product&#038;p=27919"},"modified":"2021-07-05T19:04:39","modified_gmt":"2021-07-05T19:04:39","slug":"desempenadeira-de-poliuretano-at161-1","status":"publish","type":"product","link":"https:\/\/casadastintasans.com.br\/index.php\/produto\/desempenadeira-de-poliuretano-at161-1\/","title":{"rendered":"DESEMPENADEIRA DE POLIURETANO AT161\/1"},"content":{"rendered":"","protected":false},"excerpt":{"rendered":"<p>Desempenadeira de Poliuretano, com base estriada 300mmX180mm. Ferramenta de alta tecnologia que apresenta um \u00f3timo desempenho, n\u00e3o empenam, n\u00e3o racham e n\u00e3o mofam. Muito leves por serem produzidas em monobloco de PU, o que evita que o cabo se desprenda da base. Dispon\u00edvel 3m dois modelos, o liso: ideal para o uso em reboco e para o fino acabamento. Estriado: \u00e9 ideal para o corte e desbaste do reboco e tem grande desempenho no desenho do grafiato.<\/p>\n","protected":false},"featured_media":27920,"template":"","meta":[],"product_brand":[],"product_cat":[210,209],"product_tag":[],"class_list":{"0":"post-27919","1":"product","2":"type-product","3":"status-publish","4":"has-post-thumbnail","6":"product_cat-ferramentas","7":"product_cat-ferramentas-2","9":"first","10":"instock","11":"shipping-taxable","12":"product-type-simple"},"aioseo_notices":[],"_links":{"self":[{"href":"https:\/\/casadastintasans.com.br\/index.php\/wp-json\/wp\/v2\/product\/27919","targetHints":{"allow":["GET"]}}],"collection":[{"href":"https:\/\/casadastintasans.com.br\/index.php\/wp-json\/wp\/v2\/product"}],"about":[{"href":"https:\/\/casadastintasans.com.br\/index.php\/wp-json\/wp\/v2\/types\/product"}],"wp:featuredmedia":[{"embeddable":true,"href":"https:\/\/casadastintasans.com.br\/index.php\/wp-json\/wp\/v2\/media\/27920"}],"wp:attachment":[{"href":"https:\/\/casadastintasans.com.br\/index.php\/wp-json\/wp\/v2\/media?parent=27919"}],"wp:term":[{"taxonomy":"product_brand","embeddable":true,"href":"https:\/\/casadastintasans.com.br\/index.php\/wp-json\/wp\/v2\/product_brand?post=27919"},{"taxonomy":"product_cat","embeddable":true,"href":"https:\/\/casadastintasans.com.br\/index.php\/wp-json\/wp\/v2\/product_cat?post=27919"},{"taxonomy":"product_tag","embeddable":true,"href":"https:\/\/casadastintasans.com.br\/index.php\/wp-json\/wp\/v2\/product_tag?post=27919"}],"curies":[{"name":"wp","href":"https:\/\/api.w.org\/{rel}","templated":true}]}}