{"id":27914,"date":"2021-07-05T18:48:31","date_gmt":"2021-07-05T18:48:31","guid":{"rendered":"http:\/\/casadastintasans.com.br\/?post_type=product&#038;p=27914"},"modified":"2021-07-05T18:49:54","modified_gmt":"2021-07-05T18:49:54","slug":"desempenadeira-de-aco-temperado-at245-3","status":"publish","type":"product","link":"https:\/\/casadastintasans.com.br\/index.php\/produto\/desempenadeira-de-aco-temperado-at245-3\/","title":{"rendered":"DESEMPENADEIRA DE A\u00c7O AT245\/3"},"content":{"rendered":"","protected":false},"excerpt":{"rendered":"<p>Desempenadeira de a\u00e7o temperado dentada, cabo pl\u00e1stico com duas hastes de fixa\u00e7\u00e3o. Dentes 8mm.<\/p>\n","protected":false},"featured_media":27915,"template":"","meta":[],"product_brand":[],"product_cat":[209,210],"product_tag":[],"class_list":{"0":"post-27914","1":"product","2":"type-product","3":"status-publish","4":"has-post-thumbnail","6":"product_cat-ferramentas-2","7":"product_cat-ferramentas","9":"first","10":"instock","11":"shipping-taxable","12":"product-type-simple"},"aioseo_notices":[],"_links":{"self":[{"href":"https:\/\/casadastintasans.com.br\/index.php\/wp-json\/wp\/v2\/product\/27914","targetHints":{"allow":["GET"]}}],"collection":[{"href":"https:\/\/casadastintasans.com.br\/index.php\/wp-json\/wp\/v2\/product"}],"about":[{"href":"https:\/\/casadastintasans.com.br\/index.php\/wp-json\/wp\/v2\/types\/product"}],"wp:featuredmedia":[{"embeddable":true,"href":"https:\/\/casadastintasans.com.br\/index.php\/wp-json\/wp\/v2\/media\/27915"}],"wp:attachment":[{"href":"https:\/\/casadastintasans.com.br\/index.php\/wp-json\/wp\/v2\/media?parent=27914"}],"wp:term":[{"taxonomy":"product_brand","embeddable":true,"href":"https:\/\/casadastintasans.com.br\/index.php\/wp-json\/wp\/v2\/product_brand?post=27914"},{"taxonomy":"product_cat","embeddable":true,"href":"https:\/\/casadastintasans.com.br\/index.php\/wp-json\/wp\/v2\/product_cat?post=27914"},{"taxonomy":"product_tag","embeddable":true,"href":"https:\/\/casadastintasans.com.br\/index.php\/wp-json\/wp\/v2\/product_tag?post=27914"}],"curies":[{"name":"wp","href":"https:\/\/api.w.org\/{rel}","templated":true}]}}