{"id":27903,"date":"2021-07-05T17:54:36","date_gmt":"2021-07-05T17:54:36","guid":{"rendered":"http:\/\/casadastintasans.com.br\/?post_type=product&#038;p=27903"},"modified":"2021-07-05T17:54:36","modified_gmt":"2021-07-05T17:54:36","slug":"atlas-rolo-epoxi-23cm-329-5","status":"publish","type":"product","link":"https:\/\/casadastintasans.com.br\/index.php\/produto\/atlas-rolo-epoxi-23cm-329-5\/","title":{"rendered":"ATLAS ROLO EPOXI 23CM 329\/5"},"content":{"rendered":"","protected":false},"excerpt":{"rendered":"<p>Rolo veludo 23cm 100% l\u00e3 natural de carneiro. Manta com 5mm de altura. Ideal para aplica\u00e7\u00e3o de verniz e para tintas protetivas de piso em superf\u00edcies lisas. Ideal para fino acabamento.<\/p>\n","protected":false},"featured_media":27904,"template":"","meta":[],"product_brand":[],"product_cat":[145,165],"product_tag":[],"class_list":{"0":"post-27903","1":"product","2":"type-product","3":"status-publish","4":"has-post-thumbnail","6":"product_cat-acessorios","7":"product_cat-rolo","9":"first","10":"instock","11":"shipping-taxable","12":"product-type-simple"},"aioseo_notices":[],"_links":{"self":[{"href":"https:\/\/casadastintasans.com.br\/index.php\/wp-json\/wp\/v2\/product\/27903","targetHints":{"allow":["GET"]}}],"collection":[{"href":"https:\/\/casadastintasans.com.br\/index.php\/wp-json\/wp\/v2\/product"}],"about":[{"href":"https:\/\/casadastintasans.com.br\/index.php\/wp-json\/wp\/v2\/types\/product"}],"wp:featuredmedia":[{"embeddable":true,"href":"https:\/\/casadastintasans.com.br\/index.php\/wp-json\/wp\/v2\/media\/27904"}],"wp:attachment":[{"href":"https:\/\/casadastintasans.com.br\/index.php\/wp-json\/wp\/v2\/media?parent=27903"}],"wp:term":[{"taxonomy":"product_brand","embeddable":true,"href":"https:\/\/casadastintasans.com.br\/index.php\/wp-json\/wp\/v2\/product_brand?post=27903"},{"taxonomy":"product_cat","embeddable":true,"href":"https:\/\/casadastintasans.com.br\/index.php\/wp-json\/wp\/v2\/product_cat?post=27903"},{"taxonomy":"product_tag","embeddable":true,"href":"https:\/\/casadastintasans.com.br\/index.php\/wp-json\/wp\/v2\/product_tag?post=27903"}],"curies":[{"name":"wp","href":"https:\/\/api.w.org\/{rel}","templated":true}]}}