{"id":27897,"date":"2021-07-05T17:45:08","date_gmt":"2021-07-05T17:45:08","guid":{"rendered":"http:\/\/casadastintasans.com.br\/?post_type=product&#038;p=27897"},"modified":"2021-07-05T17:45:09","modified_gmt":"2021-07-05T17:45:09","slug":"atlas-rolo-de-espuma-15cm-406-15","status":"publish","type":"product","link":"https:\/\/casadastintasans.com.br\/index.php\/produto\/atlas-rolo-de-espuma-15cm-406-15\/","title":{"rendered":"ATLAS ROLO DE ESPUMA 15CM 406\/15"},"content":{"rendered":"","protected":false},"excerpt":{"rendered":"<p>Rolos de espuma 100% poli\u00e9ster e com densidade 30 (kg\/m\u00b3). Resistentes a solventes minerais. Indicado para superf\u00edcies lisas. Use com tintas esmalte, verniz, acr\u00edlica (pva). Produto resistente a solventes minerais, n\u00e3o utilizar com thinner.<\/p>\n","protected":false},"featured_media":27898,"template":"","meta":[],"product_brand":[],"product_cat":[145,165],"product_tag":[],"class_list":{"0":"post-27897","1":"product","2":"type-product","3":"status-publish","4":"has-post-thumbnail","6":"product_cat-acessorios","7":"product_cat-rolo","9":"first","10":"instock","11":"shipping-taxable","12":"product-type-simple"},"aioseo_notices":[],"_links":{"self":[{"href":"https:\/\/casadastintasans.com.br\/index.php\/wp-json\/wp\/v2\/product\/27897","targetHints":{"allow":["GET"]}}],"collection":[{"href":"https:\/\/casadastintasans.com.br\/index.php\/wp-json\/wp\/v2\/product"}],"about":[{"href":"https:\/\/casadastintasans.com.br\/index.php\/wp-json\/wp\/v2\/types\/product"}],"wp:featuredmedia":[{"embeddable":true,"href":"https:\/\/casadastintasans.com.br\/index.php\/wp-json\/wp\/v2\/media\/27898"}],"wp:attachment":[{"href":"https:\/\/casadastintasans.com.br\/index.php\/wp-json\/wp\/v2\/media?parent=27897"}],"wp:term":[{"taxonomy":"product_brand","embeddable":true,"href":"https:\/\/casadastintasans.com.br\/index.php\/wp-json\/wp\/v2\/product_brand?post=27897"},{"taxonomy":"product_cat","embeddable":true,"href":"https:\/\/casadastintasans.com.br\/index.php\/wp-json\/wp\/v2\/product_cat?post=27897"},{"taxonomy":"product_tag","embeddable":true,"href":"https:\/\/casadastintasans.com.br\/index.php\/wp-json\/wp\/v2\/product_tag?post=27897"}],"curies":[{"name":"wp","href":"https:\/\/api.w.org\/{rel}","templated":true}]}}