{"id":27888,"date":"2021-07-05T17:23:47","date_gmt":"2021-07-05T17:23:47","guid":{"rendered":"http:\/\/casadastintasans.com.br\/?post_type=product&#038;p=27888"},"modified":"2021-07-05T17:23:47","modified_gmt":"2021-07-05T17:23:47","slug":"atlas-rolo-rendeplus-19mm-at327-15","status":"publish","type":"product","link":"https:\/\/casadastintasans.com.br\/index.php\/produto\/atlas-rolo-rendeplus-19mm-at327-15\/","title":{"rendered":"ATLAS ROLO RENDEPLUS 19MM AT327\/15"},"content":{"rendered":"","protected":false},"excerpt":{"rendered":"<p>Rolo multiuso de 15cm de microfibra para pintura gerais. Manta com 19mm de altura. Ideal para pintura em superf\u00edcies lisas. Use com tintas acr\u00edlica, l\u00e1tex (pva) e esmalte.<\/p>\n","protected":false},"featured_media":27889,"template":"","meta":[],"product_brand":[],"product_cat":[145,165],"product_tag":[],"class_list":{"0":"post-27888","1":"product","2":"type-product","3":"status-publish","4":"has-post-thumbnail","6":"product_cat-acessorios","7":"product_cat-rolo","9":"first","10":"instock","11":"shipping-taxable","12":"product-type-simple"},"aioseo_notices":[],"_links":{"self":[{"href":"https:\/\/casadastintasans.com.br\/index.php\/wp-json\/wp\/v2\/product\/27888","targetHints":{"allow":["GET"]}}],"collection":[{"href":"https:\/\/casadastintasans.com.br\/index.php\/wp-json\/wp\/v2\/product"}],"about":[{"href":"https:\/\/casadastintasans.com.br\/index.php\/wp-json\/wp\/v2\/types\/product"}],"wp:featuredmedia":[{"embeddable":true,"href":"https:\/\/casadastintasans.com.br\/index.php\/wp-json\/wp\/v2\/media\/27889"}],"wp:attachment":[{"href":"https:\/\/casadastintasans.com.br\/index.php\/wp-json\/wp\/v2\/media?parent=27888"}],"wp:term":[{"taxonomy":"product_brand","embeddable":true,"href":"https:\/\/casadastintasans.com.br\/index.php\/wp-json\/wp\/v2\/product_brand?post=27888"},{"taxonomy":"product_cat","embeddable":true,"href":"https:\/\/casadastintasans.com.br\/index.php\/wp-json\/wp\/v2\/product_cat?post=27888"},{"taxonomy":"product_tag","embeddable":true,"href":"https:\/\/casadastintasans.com.br\/index.php\/wp-json\/wp\/v2\/product_tag?post=27888"}],"curies":[{"name":"wp","href":"https:\/\/api.w.org\/{rel}","templated":true}]}}