{"id":27875,"date":"2021-07-05T16:55:57","date_gmt":"2021-07-05T16:55:57","guid":{"rendered":"http:\/\/casadastintasans.com.br\/?post_type=product&#038;p=27875"},"modified":"2021-07-05T16:55:57","modified_gmt":"2021-07-05T16:55:57","slug":"atlas-rolo-de-la-23cm-extra-322-22","status":"publish","type":"product","link":"https:\/\/casadastintasans.com.br\/index.php\/produto\/atlas-rolo-de-la-23cm-extra-322-22\/","title":{"rendered":"ATLAS ROLO DE L\u00c3 23CM EXTRA 322\/22"},"content":{"rendered":"","protected":false},"excerpt":{"rendered":"<p>Rolo de pele de carneiro merino australiano com l\u00e3 extralonga e densa de 25mm. Grande capacidade de reten\u00e7\u00e3o de tinta. Ideal para pinturas com tinta l\u00e1tex, acr\u00edlico, pva, \u00f3leo, esmalte em paredes rugosas ou texturizadas.<\/p>\n","protected":false},"featured_media":27876,"template":"","meta":[],"product_brand":[],"product_cat":[145,165],"product_tag":[],"class_list":{"0":"post-27875","1":"product","2":"type-product","3":"status-publish","4":"has-post-thumbnail","6":"product_cat-acessorios","7":"product_cat-rolo","9":"first","10":"instock","11":"shipping-taxable","12":"product-type-simple"},"aioseo_notices":[],"_links":{"self":[{"href":"https:\/\/casadastintasans.com.br\/index.php\/wp-json\/wp\/v2\/product\/27875","targetHints":{"allow":["GET"]}}],"collection":[{"href":"https:\/\/casadastintasans.com.br\/index.php\/wp-json\/wp\/v2\/product"}],"about":[{"href":"https:\/\/casadastintasans.com.br\/index.php\/wp-json\/wp\/v2\/types\/product"}],"wp:featuredmedia":[{"embeddable":true,"href":"https:\/\/casadastintasans.com.br\/index.php\/wp-json\/wp\/v2\/media\/27876"}],"wp:attachment":[{"href":"https:\/\/casadastintasans.com.br\/index.php\/wp-json\/wp\/v2\/media?parent=27875"}],"wp:term":[{"taxonomy":"product_brand","embeddable":true,"href":"https:\/\/casadastintasans.com.br\/index.php\/wp-json\/wp\/v2\/product_brand?post=27875"},{"taxonomy":"product_cat","embeddable":true,"href":"https:\/\/casadastintasans.com.br\/index.php\/wp-json\/wp\/v2\/product_cat?post=27875"},{"taxonomy":"product_tag","embeddable":true,"href":"https:\/\/casadastintasans.com.br\/index.php\/wp-json\/wp\/v2\/product_tag?post=27875"}],"curies":[{"name":"wp","href":"https:\/\/api.w.org\/{rel}","templated":true}]}}