{"id":27869,"date":"2021-07-05T16:44:25","date_gmt":"2021-07-05T16:44:25","guid":{"rendered":"http:\/\/casadastintasans.com.br\/?post_type=product&#038;p=27869"},"modified":"2021-07-05T16:44:26","modified_gmt":"2021-07-05T16:44:26","slug":"atlas-rolo-antigota-5cm-321-5","status":"publish","type":"product","link":"https:\/\/casadastintasans.com.br\/index.php\/produto\/atlas-rolo-antigota-5cm-321-5\/","title":{"rendered":"ATLAS ROLO ANTIGOTA 5CM 321\/5"},"content":{"rendered":"","protected":false},"excerpt":{"rendered":"<p>Rolo anti-gota produzido em poliamida. Superior capacidade de reten\u00e7\u00e3o de tinta e cobertura. Reduz o respingamento. Manta com 10mm de altura, ideal para fino acabamento em superf\u00edcies lisas. Manta com a tecnologia AntiGota. Use com tintas acr\u00edlica, l\u00e1tex (pva) e esmalte.<\/p>\n","protected":false},"featured_media":27870,"template":"","meta":[],"product_brand":[],"product_cat":[145,165],"product_tag":[],"class_list":{"0":"post-27869","1":"product","2":"type-product","3":"status-publish","4":"has-post-thumbnail","6":"product_cat-acessorios","7":"product_cat-rolo","9":"first","10":"instock","11":"shipping-taxable","12":"product-type-simple"},"aioseo_notices":[],"_links":{"self":[{"href":"https:\/\/casadastintasans.com.br\/index.php\/wp-json\/wp\/v2\/product\/27869","targetHints":{"allow":["GET"]}}],"collection":[{"href":"https:\/\/casadastintasans.com.br\/index.php\/wp-json\/wp\/v2\/product"}],"about":[{"href":"https:\/\/casadastintasans.com.br\/index.php\/wp-json\/wp\/v2\/types\/product"}],"wp:featuredmedia":[{"embeddable":true,"href":"https:\/\/casadastintasans.com.br\/index.php\/wp-json\/wp\/v2\/media\/27870"}],"wp:attachment":[{"href":"https:\/\/casadastintasans.com.br\/index.php\/wp-json\/wp\/v2\/media?parent=27869"}],"wp:term":[{"taxonomy":"product_brand","embeddable":true,"href":"https:\/\/casadastintasans.com.br\/index.php\/wp-json\/wp\/v2\/product_brand?post=27869"},{"taxonomy":"product_cat","embeddable":true,"href":"https:\/\/casadastintasans.com.br\/index.php\/wp-json\/wp\/v2\/product_cat?post=27869"},{"taxonomy":"product_tag","embeddable":true,"href":"https:\/\/casadastintasans.com.br\/index.php\/wp-json\/wp\/v2\/product_tag?post=27869"}],"curies":[{"name":"wp","href":"https:\/\/api.w.org\/{rel}","templated":true}]}}