{"id":27849,"date":"2021-07-03T13:39:05","date_gmt":"2021-07-03T13:39:05","guid":{"rendered":"http:\/\/casadastintasans.com.br\/?post_type=product&#038;p=27849"},"modified":"2021-07-03T13:39:33","modified_gmt":"2021-07-03T13:39:33","slug":"estilete-emborrachado-lamina-18mm-at175-3","status":"publish","type":"product","link":"https:\/\/casadastintasans.com.br\/index.php\/produto\/estilete-emborrachado-lamina-18mm-at175-3\/","title":{"rendered":"ESTILETE EMBORRACHADO AT175\/3"},"content":{"rendered":"","protected":false},"excerpt":{"rendered":"<p>Estilete profissional, possui o corpo emborrachado que proporciona conforto durante a utiliza\u00e7\u00e3o, e sistema de autotravamento que garante seguran\u00e7a e otimiza o desempenho. Al\u00e9m disso, vem com 3 l\u00e2minas.<\/p>\n","protected":false},"featured_media":27850,"template":"","meta":[],"product_brand":[],"product_cat":[145],"product_tag":[],"class_list":{"0":"post-27849","1":"product","2":"type-product","3":"status-publish","4":"has-post-thumbnail","6":"product_cat-acessorios","8":"first","9":"instock","10":"shipping-taxable","11":"product-type-simple"},"aioseo_notices":[],"_links":{"self":[{"href":"https:\/\/casadastintasans.com.br\/index.php\/wp-json\/wp\/v2\/product\/27849","targetHints":{"allow":["GET"]}}],"collection":[{"href":"https:\/\/casadastintasans.com.br\/index.php\/wp-json\/wp\/v2\/product"}],"about":[{"href":"https:\/\/casadastintasans.com.br\/index.php\/wp-json\/wp\/v2\/types\/product"}],"wp:featuredmedia":[{"embeddable":true,"href":"https:\/\/casadastintasans.com.br\/index.php\/wp-json\/wp\/v2\/media\/27850"}],"wp:attachment":[{"href":"https:\/\/casadastintasans.com.br\/index.php\/wp-json\/wp\/v2\/media?parent=27849"}],"wp:term":[{"taxonomy":"product_brand","embeddable":true,"href":"https:\/\/casadastintasans.com.br\/index.php\/wp-json\/wp\/v2\/product_brand?post=27849"},{"taxonomy":"product_cat","embeddable":true,"href":"https:\/\/casadastintasans.com.br\/index.php\/wp-json\/wp\/v2\/product_cat?post=27849"},{"taxonomy":"product_tag","embeddable":true,"href":"https:\/\/casadastintasans.com.br\/index.php\/wp-json\/wp\/v2\/product_tag?post=27849"}],"curies":[{"name":"wp","href":"https:\/\/api.w.org\/{rel}","templated":true}]}}