{"id":27847,"date":"2021-07-03T13:35:52","date_gmt":"2021-07-03T13:35:52","guid":{"rendered":"http:\/\/casadastintasans.com.br\/?post_type=product&#038;p=27847"},"modified":"2021-07-03T13:35:52","modified_gmt":"2021-07-03T13:35:52","slug":"estilete-grande-lamina-18mm-175-2","status":"publish","type":"product","link":"https:\/\/casadastintasans.com.br\/index.php\/produto\/estilete-grande-lamina-18mm-175-2\/","title":{"rendered":"Estilete Grande Lamina 18mm 175\/2"},"content":{"rendered":"","protected":false},"excerpt":{"rendered":"<p>Estilete multiuso com cabo pl\u00e1stico e l\u00e2mina substitu\u00edvel. Indicado para cortes em geral.<\/p>\n","protected":false},"featured_media":27848,"template":"","meta":[],"product_brand":[],"product_cat":[145],"product_tag":[],"class_list":{"0":"post-27847","1":"product","2":"type-product","3":"status-publish","4":"has-post-thumbnail","6":"product_cat-acessorios","8":"first","9":"instock","10":"shipping-taxable","11":"product-type-simple"},"aioseo_notices":[],"_links":{"self":[{"href":"https:\/\/casadastintasans.com.br\/index.php\/wp-json\/wp\/v2\/product\/27847","targetHints":{"allow":["GET"]}}],"collection":[{"href":"https:\/\/casadastintasans.com.br\/index.php\/wp-json\/wp\/v2\/product"}],"about":[{"href":"https:\/\/casadastintasans.com.br\/index.php\/wp-json\/wp\/v2\/types\/product"}],"wp:featuredmedia":[{"embeddable":true,"href":"https:\/\/casadastintasans.com.br\/index.php\/wp-json\/wp\/v2\/media\/27848"}],"wp:attachment":[{"href":"https:\/\/casadastintasans.com.br\/index.php\/wp-json\/wp\/v2\/media?parent=27847"}],"wp:term":[{"taxonomy":"product_brand","embeddable":true,"href":"https:\/\/casadastintasans.com.br\/index.php\/wp-json\/wp\/v2\/product_brand?post=27847"},{"taxonomy":"product_cat","embeddable":true,"href":"https:\/\/casadastintasans.com.br\/index.php\/wp-json\/wp\/v2\/product_cat?post=27847"},{"taxonomy":"product_tag","embeddable":true,"href":"https:\/\/casadastintasans.com.br\/index.php\/wp-json\/wp\/v2\/product_tag?post=27847"}],"curies":[{"name":"wp","href":"https:\/\/api.w.org\/{rel}","templated":true}]}}