{"id":27845,"date":"2021-07-03T13:32:28","date_gmt":"2021-07-03T13:32:28","guid":{"rendered":"http:\/\/casadastintasans.com.br\/?post_type=product&#038;p=27845"},"modified":"2021-07-05T18:19:13","modified_gmt":"2021-07-05T18:19:13","slug":"espatula-aco-inox-at6155-16","status":"publish","type":"product","link":"https:\/\/casadastintasans.com.br\/index.php\/produto\/espatula-aco-inox-at6155-16\/","title":{"rendered":"ESPATULA A\u00c7O INOX AT6155\/16"},"content":{"rendered":"","protected":false},"excerpt":{"rendered":"<p>Esp\u00e1tula com l\u00e2mina de a\u00e7o inox e cabo de madeira tratada.<\/p>\n","protected":false},"featured_media":27846,"template":"","meta":[],"product_brand":[],"product_cat":[209,210],"product_tag":[],"class_list":{"0":"post-27845","1":"product","2":"type-product","3":"status-publish","4":"has-post-thumbnail","6":"product_cat-ferramentas-2","7":"product_cat-ferramentas","9":"first","10":"instock","11":"shipping-taxable","12":"product-type-simple"},"aioseo_notices":[],"_links":{"self":[{"href":"https:\/\/casadastintasans.com.br\/index.php\/wp-json\/wp\/v2\/product\/27845","targetHints":{"allow":["GET"]}}],"collection":[{"href":"https:\/\/casadastintasans.com.br\/index.php\/wp-json\/wp\/v2\/product"}],"about":[{"href":"https:\/\/casadastintasans.com.br\/index.php\/wp-json\/wp\/v2\/types\/product"}],"wp:featuredmedia":[{"embeddable":true,"href":"https:\/\/casadastintasans.com.br\/index.php\/wp-json\/wp\/v2\/media\/27846"}],"wp:attachment":[{"href":"https:\/\/casadastintasans.com.br\/index.php\/wp-json\/wp\/v2\/media?parent=27845"}],"wp:term":[{"taxonomy":"product_brand","embeddable":true,"href":"https:\/\/casadastintasans.com.br\/index.php\/wp-json\/wp\/v2\/product_brand?post=27845"},{"taxonomy":"product_cat","embeddable":true,"href":"https:\/\/casadastintasans.com.br\/index.php\/wp-json\/wp\/v2\/product_cat?post=27845"},{"taxonomy":"product_tag","embeddable":true,"href":"https:\/\/casadastintasans.com.br\/index.php\/wp-json\/wp\/v2\/product_tag?post=27845"}],"curies":[{"name":"wp","href":"https:\/\/api.w.org\/{rel}","templated":true}]}}