{"id":27839,"date":"2021-07-03T13:18:53","date_gmt":"2021-07-03T13:18:53","guid":{"rendered":"http:\/\/casadastintasans.com.br\/?post_type=product&#038;p=27839"},"modified":"2021-07-05T18:18:52","modified_gmt":"2021-07-05T18:18:52","slug":"espatula-angular-de-aco-inox-at6165-3","status":"publish","type":"product","link":"https:\/\/casadastintasans.com.br\/index.php\/produto\/espatula-angular-de-aco-inox-at6165-3\/","title":{"rendered":"ESPATULA ANGULAR DE A\u00c7O INOX AT6165\/3"},"content":{"rendered":"","protected":false},"excerpt":{"rendered":"<p>Esp\u00e1tula angular com l\u00e2mina de a\u00e7o inox super resistente, cabo anat\u00f4mico e estrutura refor\u00e7ada. Possui rosca para o uso em prolongadores. Esp\u00e1tula de a\u00e7o inox em \u00e2ngulo, muito resistente e especialmente projetada para prepara\u00e7\u00f5es de repintura e raspagens em geral.<\/p>\n","protected":false},"featured_media":27840,"template":"","meta":[],"product_brand":[],"product_cat":[210,209],"product_tag":[],"class_list":{"0":"post-27839","1":"product","2":"type-product","3":"status-publish","4":"has-post-thumbnail","6":"product_cat-ferramentas","7":"product_cat-ferramentas-2","9":"first","10":"instock","11":"shipping-taxable","12":"product-type-simple"},"aioseo_notices":[],"_links":{"self":[{"href":"https:\/\/casadastintasans.com.br\/index.php\/wp-json\/wp\/v2\/product\/27839","targetHints":{"allow":["GET"]}}],"collection":[{"href":"https:\/\/casadastintasans.com.br\/index.php\/wp-json\/wp\/v2\/product"}],"about":[{"href":"https:\/\/casadastintasans.com.br\/index.php\/wp-json\/wp\/v2\/types\/product"}],"wp:featuredmedia":[{"embeddable":true,"href":"https:\/\/casadastintasans.com.br\/index.php\/wp-json\/wp\/v2\/media\/27840"}],"wp:attachment":[{"href":"https:\/\/casadastintasans.com.br\/index.php\/wp-json\/wp\/v2\/media?parent=27839"}],"wp:term":[{"taxonomy":"product_brand","embeddable":true,"href":"https:\/\/casadastintasans.com.br\/index.php\/wp-json\/wp\/v2\/product_brand?post=27839"},{"taxonomy":"product_cat","embeddable":true,"href":"https:\/\/casadastintasans.com.br\/index.php\/wp-json\/wp\/v2\/product_cat?post=27839"},{"taxonomy":"product_tag","embeddable":true,"href":"https:\/\/casadastintasans.com.br\/index.php\/wp-json\/wp\/v2\/product_tag?post=27839"}],"curies":[{"name":"wp","href":"https:\/\/api.w.org\/{rel}","templated":true}]}}