{"id":27825,"date":"2021-07-03T12:48:25","date_gmt":"2021-07-03T12:48:25","guid":{"rendered":"http:\/\/casadastintasans.com.br\/?post_type=product&#038;p=27825"},"modified":"2021-07-05T18:17:46","modified_gmt":"2021-07-05T18:17:46","slug":"espatula-de-aco-reforcado-at6555-6","status":"publish","type":"product","link":"https:\/\/casadastintasans.com.br\/index.php\/produto\/espatula-de-aco-reforcado-at6555-6\/","title":{"rendered":"ESPATULA DE A\u00c7O REFOR\u00c7ADO AT6555\/6"},"content":{"rendered":"","protected":false},"excerpt":{"rendered":"<p>Esp\u00e1tula de a\u00e7o carbono refor\u00e7ado com cabo de madeira, em quatro tamanhos. Esp\u00e1tula de a\u00e7o refor\u00e7ado, muito resistente e especialmente projetada para prepara\u00e7\u00f5es de repintura e raspagens em geral.<\/p>\n","protected":false},"featured_media":27826,"template":"","meta":[],"product_brand":[],"product_cat":[210,209],"product_tag":[],"class_list":{"0":"post-27825","1":"product","2":"type-product","3":"status-publish","4":"has-post-thumbnail","6":"product_cat-ferramentas","7":"product_cat-ferramentas-2","9":"first","10":"instock","11":"shipping-taxable","12":"product-type-simple"},"aioseo_notices":[],"_links":{"self":[{"href":"https:\/\/casadastintasans.com.br\/index.php\/wp-json\/wp\/v2\/product\/27825","targetHints":{"allow":["GET"]}}],"collection":[{"href":"https:\/\/casadastintasans.com.br\/index.php\/wp-json\/wp\/v2\/product"}],"about":[{"href":"https:\/\/casadastintasans.com.br\/index.php\/wp-json\/wp\/v2\/types\/product"}],"wp:featuredmedia":[{"embeddable":true,"href":"https:\/\/casadastintasans.com.br\/index.php\/wp-json\/wp\/v2\/media\/27826"}],"wp:attachment":[{"href":"https:\/\/casadastintasans.com.br\/index.php\/wp-json\/wp\/v2\/media?parent=27825"}],"wp:term":[{"taxonomy":"product_brand","embeddable":true,"href":"https:\/\/casadastintasans.com.br\/index.php\/wp-json\/wp\/v2\/product_brand?post=27825"},{"taxonomy":"product_cat","embeddable":true,"href":"https:\/\/casadastintasans.com.br\/index.php\/wp-json\/wp\/v2\/product_cat?post=27825"},{"taxonomy":"product_tag","embeddable":true,"href":"https:\/\/casadastintasans.com.br\/index.php\/wp-json\/wp\/v2\/product_tag?post=27825"}],"curies":[{"name":"wp","href":"https:\/\/api.w.org\/{rel}","templated":true}]}}