{"id":27776,"date":"2021-07-02T17:06:46","date_gmt":"2021-07-02T17:06:46","guid":{"rendered":"http:\/\/casadastintasans.com.br\/?post_type=product&#038;p=27776"},"modified":"2023-01-04T18:33:46","modified_gmt":"2023-01-04T18:33:46","slug":"maxi-rubber-veda-choque-150g-290g","status":"publish","type":"product","link":"https:\/\/casadastintasans.com.br\/index.php\/produto\/maxi-rubber-veda-choque-150g-290g\/","title":{"rendered":"MAXI RUBBER VEDA-CHOQUE 150g-290g"},"content":{"rendered":"","protected":false},"excerpt":{"rendered":"<div class=\"product-description\">\n<p>Indicado como adesivo estrutural para PRFV (pl\u00e1stico refor\u00e7ado com fibra de vidro), metais, madeiras, para-choques, grades frontais, para-lamas, laterais de ve\u00edculos e quaisquer outras pe\u00e7as feitas com fibras de vidro e pl\u00e1sticos (ABS, poliuretano e polipropileno).<\/p>\n<\/div>\n<div id=\"product-options-list\" class=\"panel-group\" role=\"tablist\" aria-multiselectable=\"true\">\n<div class=\"panel\">\n<div id=\"hd-modo-de-usar\" class=\"panel-heading\" role=\"tab\">\n<h4 class=\"panel-title\"><\/h4>\n<\/div>\n<\/div>\n<\/div>\n","protected":false},"featured_media":27777,"template":"","meta":[],"product_brand":[],"product_cat":[220,143],"product_tag":[],"class_list":{"0":"post-27776","1":"product","2":"type-product","3":"status-publish","4":"has-post-thumbnail","6":"product_cat-complemento-automotivo","7":"product_cat-linha-automotiva","9":"first","10":"instock","11":"shipping-taxable","12":"product-type-simple"},"aioseo_notices":[],"_links":{"self":[{"href":"https:\/\/casadastintasans.com.br\/index.php\/wp-json\/wp\/v2\/product\/27776","targetHints":{"allow":["GET"]}}],"collection":[{"href":"https:\/\/casadastintasans.com.br\/index.php\/wp-json\/wp\/v2\/product"}],"about":[{"href":"https:\/\/casadastintasans.com.br\/index.php\/wp-json\/wp\/v2\/types\/product"}],"wp:featuredmedia":[{"embeddable":true,"href":"https:\/\/casadastintasans.com.br\/index.php\/wp-json\/wp\/v2\/media\/27777"}],"wp:attachment":[{"href":"https:\/\/casadastintasans.com.br\/index.php\/wp-json\/wp\/v2\/media?parent=27776"}],"wp:term":[{"taxonomy":"product_brand","embeddable":true,"href":"https:\/\/casadastintasans.com.br\/index.php\/wp-json\/wp\/v2\/product_brand?post=27776"},{"taxonomy":"product_cat","embeddable":true,"href":"https:\/\/casadastintasans.com.br\/index.php\/wp-json\/wp\/v2\/product_cat?post=27776"},{"taxonomy":"product_tag","embeddable":true,"href":"https:\/\/casadastintasans.com.br\/index.php\/wp-json\/wp\/v2\/product_tag?post=27776"}],"curies":[{"name":"wp","href":"https:\/\/api.w.org\/{rel}","templated":true}]}}