{"id":27774,"date":"2021-07-02T16:56:31","date_gmt":"2021-07-02T16:56:31","guid":{"rendered":"http:\/\/casadastintasans.com.br\/?post_type=product&#038;p=27774"},"modified":"2023-01-04T18:35:28","modified_gmt":"2023-01-04T18:35:28","slug":"primer-hs-pu-811-800ml","status":"publish","type":"product","link":"https:\/\/casadastintasans.com.br\/index.php\/produto\/primer-hs-pu-811-800ml\/","title":{"rendered":"MAXI RUBBER PRIMER HS PU 811 800ml"},"content":{"rendered":"","protected":false},"excerpt":{"rendered":"<div>Indicado para promover enchimento e ader\u00eancia na prepara\u00e7\u00e3o de superf\u00edcies met\u00e1licas em pinturas gerais ou em pequenos reparos, apresenta bom desempenho quando aplicado em conjunto com acabamentos em poliuretanos e\/ou poli\u00e9ster.<\/div>\n<div>Para aplica\u00e7\u00e3o em pe\u00e7as pl\u00e1sticas e fibra de vidro \u00e9 recomendado o uso da Seladora para Pl\u00e1stico MAXI RUBBER.<\/div>\n<div><\/div>\n","protected":false},"featured_media":27775,"template":"","meta":[],"product_brand":[],"product_cat":[220,143],"product_tag":[],"class_list":{"0":"post-27774","1":"product","2":"type-product","3":"status-publish","4":"has-post-thumbnail","6":"product_cat-complemento-automotivo","7":"product_cat-linha-automotiva","9":"first","10":"instock","11":"shipping-taxable","12":"product-type-simple"},"aioseo_notices":[],"_links":{"self":[{"href":"https:\/\/casadastintasans.com.br\/index.php\/wp-json\/wp\/v2\/product\/27774","targetHints":{"allow":["GET"]}}],"collection":[{"href":"https:\/\/casadastintasans.com.br\/index.php\/wp-json\/wp\/v2\/product"}],"about":[{"href":"https:\/\/casadastintasans.com.br\/index.php\/wp-json\/wp\/v2\/types\/product"}],"wp:featuredmedia":[{"embeddable":true,"href":"https:\/\/casadastintasans.com.br\/index.php\/wp-json\/wp\/v2\/media\/27775"}],"wp:attachment":[{"href":"https:\/\/casadastintasans.com.br\/index.php\/wp-json\/wp\/v2\/media?parent=27774"}],"wp:term":[{"taxonomy":"product_brand","embeddable":true,"href":"https:\/\/casadastintasans.com.br\/index.php\/wp-json\/wp\/v2\/product_brand?post=27774"},{"taxonomy":"product_cat","embeddable":true,"href":"https:\/\/casadastintasans.com.br\/index.php\/wp-json\/wp\/v2\/product_cat?post=27774"},{"taxonomy":"product_tag","embeddable":true,"href":"https:\/\/casadastintasans.com.br\/index.php\/wp-json\/wp\/v2\/product_tag?post=27774"}],"curies":[{"name":"wp","href":"https:\/\/api.w.org\/{rel}","templated":true}]}}