{"id":27772,"date":"2021-07-02T16:45:13","date_gmt":"2021-07-02T16:45:13","guid":{"rendered":"http:\/\/casadastintasans.com.br\/?post_type=product&#038;p=27772"},"modified":"2023-01-04T18:34:40","modified_gmt":"2023-01-04T18:34:40","slug":"manta-de-fibra-de-vidro-140m-x-50cm","status":"publish","type":"product","link":"https:\/\/casadastintasans.com.br\/index.php\/produto\/manta-de-fibra-de-vidro-140m-x-50cm\/","title":{"rendered":"MANTA DE FIBRA DE VIDRO 1,40m x 50cm"},"content":{"rendered":"","protected":false},"excerpt":{"rendered":"<div class=\"product-description\">\n<p>Utilizado como refor\u00e7o estrutural entre camadas de produtos para a repara\u00e7\u00e3o de \u00e1reas danificadas tais como Adesivo para Lamina\u00e7\u00e3o e Veda Choque.<\/p>\n<\/div>\n<div id=\"product-options-list\" class=\"panel-group\" role=\"tablist\" aria-multiselectable=\"true\">\n<div class=\"panel\">\n<div id=\"hd-modo-de-usar\" class=\"panel-heading\" role=\"tab\">\n<h4 class=\"panel-title\"><\/h4>\n<\/div>\n<\/div>\n<\/div>\n","protected":false},"featured_media":27773,"template":"","meta":[],"product_brand":[],"product_cat":[220,143],"product_tag":[],"class_list":{"0":"post-27772","1":"product","2":"type-product","3":"status-publish","4":"has-post-thumbnail","6":"product_cat-complemento-automotivo","7":"product_cat-linha-automotiva","9":"first","10":"instock","11":"shipping-taxable","12":"product-type-simple"},"aioseo_notices":[],"_links":{"self":[{"href":"https:\/\/casadastintasans.com.br\/index.php\/wp-json\/wp\/v2\/product\/27772","targetHints":{"allow":["GET"]}}],"collection":[{"href":"https:\/\/casadastintasans.com.br\/index.php\/wp-json\/wp\/v2\/product"}],"about":[{"href":"https:\/\/casadastintasans.com.br\/index.php\/wp-json\/wp\/v2\/types\/product"}],"wp:featuredmedia":[{"embeddable":true,"href":"https:\/\/casadastintasans.com.br\/index.php\/wp-json\/wp\/v2\/media\/27773"}],"wp:attachment":[{"href":"https:\/\/casadastintasans.com.br\/index.php\/wp-json\/wp\/v2\/media?parent=27772"}],"wp:term":[{"taxonomy":"product_brand","embeddable":true,"href":"https:\/\/casadastintasans.com.br\/index.php\/wp-json\/wp\/v2\/product_brand?post=27772"},{"taxonomy":"product_cat","embeddable":true,"href":"https:\/\/casadastintasans.com.br\/index.php\/wp-json\/wp\/v2\/product_cat?post=27772"},{"taxonomy":"product_tag","embeddable":true,"href":"https:\/\/casadastintasans.com.br\/index.php\/wp-json\/wp\/v2\/product_tag?post=27772"}],"curies":[{"name":"wp","href":"https:\/\/api.w.org\/{rel}","templated":true}]}}