{"id":27770,"date":"2021-07-02T16:41:33","date_gmt":"2021-07-02T16:41:33","guid":{"rendered":"http:\/\/casadastintasans.com.br\/?post_type=product&#038;p=27770"},"modified":"2023-01-04T18:36:28","modified_gmt":"2023-01-04T18:36:28","slug":"massa-anti-ruido-13kg","status":"publish","type":"product","link":"https:\/\/casadastintasans.com.br\/index.php\/produto\/massa-anti-ruido-13kg\/","title":{"rendered":"MAXI RUBBER MASSA ANTI-RU\u00cdDO 1,3kg"},"content":{"rendered":"","protected":false},"excerpt":{"rendered":"<div class=\"product-description\">\n<div>\n<div>Indicada para proteger as partes inferiores de autom\u00f3veis, \u00f4nibus, caminh\u00f5es, traillers e outros equipamentos de transporte, tais como p\u00e1ra-lamas, chassis, assoalhos e caixa de roda, contra a a\u00e7\u00e3o da chuva, maresia, batida de pedra e terra.Tamb\u00e9m \u00e9 indicado para diminuir os efeitos das vibra\u00e7\u00f5es, proporcionar prote\u00e7\u00e3o adicional nas portas, porta\u2013malas, assoalhos, cap\u00f4s e outras partes contra ru\u00eddos e corros\u00e3o. Apresenta alta flexibilidade, bom poder de veda\u00e7\u00e3o, alta viscosidade e excelente poder estrutural.<\/div>\n<\/div>\n<\/div>\n<div id=\"product-options-list\" class=\"panel-group\" role=\"tablist\" aria-multiselectable=\"true\">\n<div class=\"panel\">\n<div id=\"hd-modo-de-usar\" class=\"panel-heading\" role=\"tab\">\n<h4 class=\"panel-title\"><\/h4>\n<\/div>\n<\/div>\n<\/div>\n","protected":false},"featured_media":27771,"template":"","meta":[],"product_brand":[],"product_cat":[220,143],"product_tag":[],"class_list":{"0":"post-27770","1":"product","2":"type-product","3":"status-publish","4":"has-post-thumbnail","6":"product_cat-complemento-automotivo","7":"product_cat-linha-automotiva","9":"first","10":"instock","11":"shipping-taxable","12":"product-type-simple"},"aioseo_notices":[],"_links":{"self":[{"href":"https:\/\/casadastintasans.com.br\/index.php\/wp-json\/wp\/v2\/product\/27770","targetHints":{"allow":["GET"]}}],"collection":[{"href":"https:\/\/casadastintasans.com.br\/index.php\/wp-json\/wp\/v2\/product"}],"about":[{"href":"https:\/\/casadastintasans.com.br\/index.php\/wp-json\/wp\/v2\/types\/product"}],"wp:featuredmedia":[{"embeddable":true,"href":"https:\/\/casadastintasans.com.br\/index.php\/wp-json\/wp\/v2\/media\/27771"}],"wp:attachment":[{"href":"https:\/\/casadastintasans.com.br\/index.php\/wp-json\/wp\/v2\/media?parent=27770"}],"wp:term":[{"taxonomy":"product_brand","embeddable":true,"href":"https:\/\/casadastintasans.com.br\/index.php\/wp-json\/wp\/v2\/product_brand?post=27770"},{"taxonomy":"product_cat","embeddable":true,"href":"https:\/\/casadastintasans.com.br\/index.php\/wp-json\/wp\/v2\/product_cat?post=27770"},{"taxonomy":"product_tag","embeddable":true,"href":"https:\/\/casadastintasans.com.br\/index.php\/wp-json\/wp\/v2\/product_tag?post=27770"}],"curies":[{"name":"wp","href":"https:\/\/api.w.org\/{rel}","templated":true}]}}