{"id":27768,"date":"2021-07-02T16:35:52","date_gmt":"2021-07-02T16:35:52","guid":{"rendered":"http:\/\/casadastintasans.com.br\/?post_type=product&#038;p=27768"},"modified":"2023-01-04T18:37:24","modified_gmt":"2023-01-04T18:37:24","slug":"massa-poliester-15kg","status":"publish","type":"product","link":"https:\/\/casadastintasans.com.br\/index.php\/produto\/massa-poliester-15kg\/","title":{"rendered":"MAXI RUBBER MASSA POLI\u00c9STER 1,5kg"},"content":{"rendered":"","protected":false},"excerpt":{"rendered":"<table style=\"font-weight: 400;\" width=\"100%\">\n<tbody style=\"font-weight: 400;\">\n<tr style=\"font-weight: 400;\">\n<td style=\"font-weight: 400;\" width=\"507\">\n<p style=\"font-weight: 400;\"><span style=\"font-weight: 400;\">Indicada para a funilaria de ve\u00edculos, calhas, m\u00f3veis, fibra de vidro e diversas pe\u00e7as met\u00e1licas.<\/span><\/p>\n<\/td>\n<\/tr>\n<\/tbody>\n<\/table>\n","protected":false},"featured_media":27769,"template":"","meta":[],"product_brand":[],"product_cat":[220,143],"product_tag":[],"class_list":{"0":"post-27768","1":"product","2":"type-product","3":"status-publish","4":"has-post-thumbnail","6":"product_cat-complemento-automotivo","7":"product_cat-linha-automotiva","9":"first","10":"instock","11":"shipping-taxable","12":"product-type-simple"},"aioseo_notices":[],"_links":{"self":[{"href":"https:\/\/casadastintasans.com.br\/index.php\/wp-json\/wp\/v2\/product\/27768","targetHints":{"allow":["GET"]}}],"collection":[{"href":"https:\/\/casadastintasans.com.br\/index.php\/wp-json\/wp\/v2\/product"}],"about":[{"href":"https:\/\/casadastintasans.com.br\/index.php\/wp-json\/wp\/v2\/types\/product"}],"wp:featuredmedia":[{"embeddable":true,"href":"https:\/\/casadastintasans.com.br\/index.php\/wp-json\/wp\/v2\/media\/27769"}],"wp:attachment":[{"href":"https:\/\/casadastintasans.com.br\/index.php\/wp-json\/wp\/v2\/media?parent=27768"}],"wp:term":[{"taxonomy":"product_brand","embeddable":true,"href":"https:\/\/casadastintasans.com.br\/index.php\/wp-json\/wp\/v2\/product_brand?post=27768"},{"taxonomy":"product_cat","embeddable":true,"href":"https:\/\/casadastintasans.com.br\/index.php\/wp-json\/wp\/v2\/product_cat?post=27768"},{"taxonomy":"product_tag","embeddable":true,"href":"https:\/\/casadastintasans.com.br\/index.php\/wp-json\/wp\/v2\/product_tag?post=27768"}],"curies":[{"name":"wp","href":"https:\/\/api.w.org\/{rel}","templated":true}]}}