{"id":27766,"date":"2021-07-02T16:32:09","date_gmt":"2021-07-02T16:32:09","guid":{"rendered":"http:\/\/casadastintasans.com.br\/?post_type=product&#038;p=27766"},"modified":"2023-01-04T18:38:01","modified_gmt":"2023-01-04T18:38:01","slug":"maxived-capo-cinza-380g","status":"publish","type":"product","link":"https:\/\/casadastintasans.com.br\/index.php\/produto\/maxived-capo-cinza-380g\/","title":{"rendered":"MAXIVED CAP\u00d4 CINZA 400g"},"content":{"rendered":"","protected":false},"excerpt":{"rendered":"<div>Indicado para veda\u00e7\u00e3o e fixa\u00e7\u00e3o permanente de chapas met\u00e1licas em carrocerias de autom\u00f3veis e caminh\u00f5es, emborrachamento original, refor\u00e7o interno de cap\u00f4s, calhas, para-lamas, soleiras e compartimentos de far\u00f3is, evitando a infiltra\u00e7\u00e3o de \u00e1gua e poeira.<\/div>\n<div>Tamb\u00e9m \u00e9 utilizado em dobras, rebites, soldas, e cantos de chapas met\u00e1licas na repara\u00e7\u00e3o de ve\u00edculos, jun\u00e7\u00f5es de calhas, embarca\u00e7\u00f5es, constru\u00e7\u00e3o civil e uso geral.<\/div>\n","protected":false},"featured_media":27783,"template":"","meta":[],"product_brand":[],"product_cat":[220,143],"product_tag":[],"class_list":{"0":"post-27766","1":"product","2":"type-product","3":"status-publish","4":"has-post-thumbnail","6":"product_cat-complemento-automotivo","7":"product_cat-linha-automotiva","9":"first","10":"instock","11":"shipping-taxable","12":"product-type-simple"},"aioseo_notices":[],"_links":{"self":[{"href":"https:\/\/casadastintasans.com.br\/index.php\/wp-json\/wp\/v2\/product\/27766","targetHints":{"allow":["GET"]}}],"collection":[{"href":"https:\/\/casadastintasans.com.br\/index.php\/wp-json\/wp\/v2\/product"}],"about":[{"href":"https:\/\/casadastintasans.com.br\/index.php\/wp-json\/wp\/v2\/types\/product"}],"wp:featuredmedia":[{"embeddable":true,"href":"https:\/\/casadastintasans.com.br\/index.php\/wp-json\/wp\/v2\/media\/27783"}],"wp:attachment":[{"href":"https:\/\/casadastintasans.com.br\/index.php\/wp-json\/wp\/v2\/media?parent=27766"}],"wp:term":[{"taxonomy":"product_brand","embeddable":true,"href":"https:\/\/casadastintasans.com.br\/index.php\/wp-json\/wp\/v2\/product_brand?post=27766"},{"taxonomy":"product_cat","embeddable":true,"href":"https:\/\/casadastintasans.com.br\/index.php\/wp-json\/wp\/v2\/product_cat?post=27766"},{"taxonomy":"product_tag","embeddable":true,"href":"https:\/\/casadastintasans.com.br\/index.php\/wp-json\/wp\/v2\/product_tag?post=27766"}],"curies":[{"name":"wp","href":"https:\/\/api.w.org\/{rel}","templated":true}]}}