{"id":27764,"date":"2021-07-02T16:27:58","date_gmt":"2021-07-02T16:27:58","guid":{"rendered":"http:\/\/casadastintasans.com.br\/?post_type=product&#038;p=27764"},"modified":"2023-01-04T18:38:35","modified_gmt":"2023-01-04T18:38:35","slug":"maxi-corte-massa-para-polir-1kg","status":"publish","type":"product","link":"https:\/\/casadastintasans.com.br\/index.php\/produto\/maxi-corte-massa-para-polir-1kg\/","title":{"rendered":"MAXI CORTE MASSA PARA POLIR 1kg"},"content":{"rendered":"","protected":false},"excerpt":{"rendered":"<p style=\"font-weight: 400;\"><span style=\"font-weight: 400;\">A massa de polir Maxi Corte pode ser utilizada no polimento automotivo sobre qualquer tipo de tinta e verniz, deixando a superf\u00edcie lisa e brilhante. <\/span><span style=\"font-weight: 400;\">Indicada para eliminar riscos de lixamento gr\u00e3o 1200 ou acima e tamb\u00e9m desgaste que as pinturas e\/ou repinturas antigas sofreram por exposi\u00e7\u00e3o a intemp\u00e9ries, al\u00e9m de casca de laranja moderada, leves escorrimentos e pequenas imperfei\u00e7\u00f5es sem danificar a pintura preparando a superf\u00edcie para o lustro, garantindo um acabamento com brilho intenso. <\/span><span style=\"font-weight: 400;\">O produto tamb\u00e9m pode ser utilizado em eletrodom\u00e9sticos.<\/span><\/p>\n","protected":false},"featured_media":27765,"template":"","meta":[],"product_brand":[],"product_cat":[220,143],"product_tag":[],"class_list":{"0":"post-27764","1":"product","2":"type-product","3":"status-publish","4":"has-post-thumbnail","6":"product_cat-complemento-automotivo","7":"product_cat-linha-automotiva","9":"first","10":"instock","11":"shipping-taxable","12":"product-type-simple"},"aioseo_notices":[],"_links":{"self":[{"href":"https:\/\/casadastintasans.com.br\/index.php\/wp-json\/wp\/v2\/product\/27764","targetHints":{"allow":["GET"]}}],"collection":[{"href":"https:\/\/casadastintasans.com.br\/index.php\/wp-json\/wp\/v2\/product"}],"about":[{"href":"https:\/\/casadastintasans.com.br\/index.php\/wp-json\/wp\/v2\/types\/product"}],"wp:featuredmedia":[{"embeddable":true,"href":"https:\/\/casadastintasans.com.br\/index.php\/wp-json\/wp\/v2\/media\/27765"}],"wp:attachment":[{"href":"https:\/\/casadastintasans.com.br\/index.php\/wp-json\/wp\/v2\/media?parent=27764"}],"wp:term":[{"taxonomy":"product_brand","embeddable":true,"href":"https:\/\/casadastintasans.com.br\/index.php\/wp-json\/wp\/v2\/product_brand?post=27764"},{"taxonomy":"product_cat","embeddable":true,"href":"https:\/\/casadastintasans.com.br\/index.php\/wp-json\/wp\/v2\/product_cat?post=27764"},{"taxonomy":"product_tag","embeddable":true,"href":"https:\/\/casadastintasans.com.br\/index.php\/wp-json\/wp\/v2\/product_tag?post=27764"}],"curies":[{"name":"wp","href":"https:\/\/api.w.org\/{rel}","templated":true}]}}