{"id":27729,"date":"2021-06-28T17:00:11","date_gmt":"2021-06-28T17:00:11","guid":{"rendered":"http:\/\/casadastintasans.com.br\/?post_type=product&#038;p=27729"},"modified":"2021-06-28T17:00:11","modified_gmt":"2021-06-28T17:00:11","slug":"suvinil-seladora-para-madeira-36l","status":"publish","type":"product","link":"https:\/\/casadastintasans.com.br\/index.php\/produto\/suvinil-seladora-para-madeira-36l\/","title":{"rendered":"Suvinil Seladora Para Madeira 3,6L"},"content":{"rendered":"","protected":false},"excerpt":{"rendered":"<div class=\"styled__Container-aprr3l-0 YqVXC\">\n<div class=\"styled__Container-sc-1k1vkjz-0 bsTmQr\">\n<div class=\"styled__Content-sc-16panhj-1 iQwRIL\">\n<div class=\"styled__Product-sc-1k1vkjz-3 inrGaR\">\n<div class=\"flex\">\n<div class=\"content\">\n<div class=\"description\">\n<p>Suvinil Seladora para Madeira deixa tudo pronto para aplica\u00e7\u00e3o de cera ou verniz e aumenta o rendimento. Ela preenche os veios da superf\u00edcie, proporcionando um resultado uniforme. Al\u00e9m de tudo, ela melhora o acabamento do verniz. Produto indicado para ambientes e superf\u00edcies internas de madeira e n\u00e3o molh\u00e1veis.<\/p>\n<\/div>\n<\/div>\n<\/div>\n<\/div>\n<\/div>\n<\/div>\n<\/div>\n<div class=\"styled__Container-c3otan-0 sLHrg\">\n<div class=\"styled__Container-aprr3l-0 YqVXC\"><\/div>\n<\/div>\n<div class=\"styled__Container-aprr3l-0 YqVXC\">\n<div class=\"styled__Container-sc-1t2i7xc-0 iRjFHg\">\n<div class=\"styled__SubtitlePage-sc-1t2i7xc-1 iKA-DtZ\"><\/div>\n<\/div>\n<\/div>\n","protected":false},"featured_media":27730,"template":"","meta":[],"product_brand":[],"product_cat":[144,158,153],"product_tag":[],"class_list":{"0":"post-27729","1":"product","2":"type-product","3":"status-publish","4":"has-post-thumbnail","6":"product_cat-linha-imobiliaria","7":"product_cat-madeiras","8":"product_cat-suvinil","10":"first","11":"instock","12":"shipping-taxable","13":"product-type-simple"},"aioseo_notices":[],"_links":{"self":[{"href":"https:\/\/casadastintasans.com.br\/index.php\/wp-json\/wp\/v2\/product\/27729","targetHints":{"allow":["GET"]}}],"collection":[{"href":"https:\/\/casadastintasans.com.br\/index.php\/wp-json\/wp\/v2\/product"}],"about":[{"href":"https:\/\/casadastintasans.com.br\/index.php\/wp-json\/wp\/v2\/types\/product"}],"wp:featuredmedia":[{"embeddable":true,"href":"https:\/\/casadastintasans.com.br\/index.php\/wp-json\/wp\/v2\/media\/27730"}],"wp:attachment":[{"href":"https:\/\/casadastintasans.com.br\/index.php\/wp-json\/wp\/v2\/media?parent=27729"}],"wp:term":[{"taxonomy":"product_brand","embeddable":true,"href":"https:\/\/casadastintasans.com.br\/index.php\/wp-json\/wp\/v2\/product_brand?post=27729"},{"taxonomy":"product_cat","embeddable":true,"href":"https:\/\/casadastintasans.com.br\/index.php\/wp-json\/wp\/v2\/product_cat?post=27729"},{"taxonomy":"product_tag","embeddable":true,"href":"https:\/\/casadastintasans.com.br\/index.php\/wp-json\/wp\/v2\/product_tag?post=27729"}],"curies":[{"name":"wp","href":"https:\/\/api.w.org\/{rel}","templated":true}]}}