{"id":27716,"date":"2021-06-24T17:47:19","date_gmt":"2021-06-24T17:47:19","guid":{"rendered":"http:\/\/casadastintasans.com.br\/?post_type=product&#038;p=27716"},"modified":"2021-06-24T17:47:19","modified_gmt":"2021-06-24T17:47:19","slug":"atlas-prolongador-de-aco-2m","status":"publish","type":"product","link":"https:\/\/casadastintasans.com.br\/index.php\/produto\/atlas-prolongador-de-aco-2m\/","title":{"rendered":"ATLAS PROLONGADOR DE A\u00c7O 2M"},"content":{"rendered":"","protected":false},"excerpt":{"rendered":"<p>Prolongadores em estrutura de chapa met\u00e1lica revestida, extens\u00edvel e ajust\u00e1vel at\u00e9 2 metros. Utilizado para maior alcance com garfos de pintura com ou sem rosca em locais de dif\u00edcil acesso.<\/p>\n","protected":false},"featured_media":27717,"template":"","meta":[],"product_brand":[],"product_cat":[145],"product_tag":[],"class_list":{"0":"post-27716","1":"product","2":"type-product","3":"status-publish","4":"has-post-thumbnail","6":"product_cat-acessorios","8":"first","9":"instock","10":"shipping-taxable","11":"product-type-simple"},"aioseo_notices":[],"_links":{"self":[{"href":"https:\/\/casadastintasans.com.br\/index.php\/wp-json\/wp\/v2\/product\/27716","targetHints":{"allow":["GET"]}}],"collection":[{"href":"https:\/\/casadastintasans.com.br\/index.php\/wp-json\/wp\/v2\/product"}],"about":[{"href":"https:\/\/casadastintasans.com.br\/index.php\/wp-json\/wp\/v2\/types\/product"}],"wp:featuredmedia":[{"embeddable":true,"href":"https:\/\/casadastintasans.com.br\/index.php\/wp-json\/wp\/v2\/media\/27717"}],"wp:attachment":[{"href":"https:\/\/casadastintasans.com.br\/index.php\/wp-json\/wp\/v2\/media?parent=27716"}],"wp:term":[{"taxonomy":"product_brand","embeddable":true,"href":"https:\/\/casadastintasans.com.br\/index.php\/wp-json\/wp\/v2\/product_brand?post=27716"},{"taxonomy":"product_cat","embeddable":true,"href":"https:\/\/casadastintasans.com.br\/index.php\/wp-json\/wp\/v2\/product_cat?post=27716"},{"taxonomy":"product_tag","embeddable":true,"href":"https:\/\/casadastintasans.com.br\/index.php\/wp-json\/wp\/v2\/product_tag?post=27716"}],"curies":[{"name":"wp","href":"https:\/\/api.w.org\/{rel}","templated":true}]}}