{"id":27713,"date":"2021-06-24T17:44:02","date_gmt":"2021-06-24T17:44:02","guid":{"rendered":"http:\/\/casadastintasans.com.br\/?post_type=product&#038;p=27713"},"modified":"2021-06-24T17:44:02","modified_gmt":"2021-06-24T17:44:02","slug":"atlas-prolongador-de-aco-3m","status":"publish","type":"product","link":"https:\/\/casadastintasans.com.br\/index.php\/produto\/atlas-prolongador-de-aco-3m\/","title":{"rendered":"ATLAS PROLONGADOR DE A\u00c7O 3M"},"content":{"rendered":"","protected":false},"excerpt":{"rendered":"<p>Prolongadores em estrutura de chapa met\u00e1lica revestida, extens\u00edvel e ajust\u00e1vel at\u00e9 3 metros. Extensor para suporte a rolos e broxas na hora da pintura. Pode ser estendido at\u00e9 3m e \u00e9 indicado para aux\u00edlio em pinturas em \u00e1reas de dif\u00edcil acesso.<\/p>\n","protected":false},"featured_media":27715,"template":"","meta":[],"product_brand":[],"product_cat":[145],"product_tag":[],"class_list":{"0":"post-27713","1":"product","2":"type-product","3":"status-publish","4":"has-post-thumbnail","6":"product_cat-acessorios","8":"first","9":"instock","10":"shipping-taxable","11":"product-type-simple"},"aioseo_notices":[],"_links":{"self":[{"href":"https:\/\/casadastintasans.com.br\/index.php\/wp-json\/wp\/v2\/product\/27713","targetHints":{"allow":["GET"]}}],"collection":[{"href":"https:\/\/casadastintasans.com.br\/index.php\/wp-json\/wp\/v2\/product"}],"about":[{"href":"https:\/\/casadastintasans.com.br\/index.php\/wp-json\/wp\/v2\/types\/product"}],"wp:featuredmedia":[{"embeddable":true,"href":"https:\/\/casadastintasans.com.br\/index.php\/wp-json\/wp\/v2\/media\/27715"}],"wp:attachment":[{"href":"https:\/\/casadastintasans.com.br\/index.php\/wp-json\/wp\/v2\/media?parent=27713"}],"wp:term":[{"taxonomy":"product_brand","embeddable":true,"href":"https:\/\/casadastintasans.com.br\/index.php\/wp-json\/wp\/v2\/product_brand?post=27713"},{"taxonomy":"product_cat","embeddable":true,"href":"https:\/\/casadastintasans.com.br\/index.php\/wp-json\/wp\/v2\/product_cat?post=27713"},{"taxonomy":"product_tag","embeddable":true,"href":"https:\/\/casadastintasans.com.br\/index.php\/wp-json\/wp\/v2\/product_tag?post=27713"}],"curies":[{"name":"wp","href":"https:\/\/api.w.org\/{rel}","templated":true}]}}