{"id":27707,"date":"2021-06-24T17:04:04","date_gmt":"2021-06-24T17:04:04","guid":{"rendered":"http:\/\/casadastintasans.com.br\/?post_type=product&#038;p=27707"},"modified":"2021-06-24T17:04:04","modified_gmt":"2021-06-24T17:04:04","slug":"luva-de-protecao-at1303-m","status":"publish","type":"product","link":"https:\/\/casadastintasans.com.br\/index.php\/produto\/luva-de-protecao-at1303-m\/","title":{"rendered":"LUVA DE PROTE\u00c7\u00c3O AT1303 M"},"content":{"rendered":"","protected":false},"excerpt":{"rendered":"<p>Luva de seguran\u00e7a fabricada em algod\u00e3o pigmentada com pontos em pvc. Luva de boa resist\u00eancia contra agentes mec\u00e2nicos e abrasivos. Confort\u00e1vel, com uma boa destreza e sensibilidade, punho el\u00e1stico, nos 3 tamanhos M, G e EG. Para trabalhos em ind\u00fastria metal mec\u00e2nica, automobil\u00edstica, moveleira, montagem, constru\u00e7\u00e3o civil, log\u00edstica, manuten\u00e7\u00e3o e agroind\u00fastria.<\/p>\n","protected":false},"featured_media":27708,"template":"","meta":[],"product_brand":[],"product_cat":[145,208],"product_tag":[],"class_list":{"0":"post-27707","1":"product","2":"type-product","3":"status-publish","4":"has-post-thumbnail","6":"product_cat-acessorios","7":"product_cat-protecao","9":"first","10":"instock","11":"shipping-taxable","12":"product-type-simple"},"aioseo_notices":[],"_links":{"self":[{"href":"https:\/\/casadastintasans.com.br\/index.php\/wp-json\/wp\/v2\/product\/27707","targetHints":{"allow":["GET"]}}],"collection":[{"href":"https:\/\/casadastintasans.com.br\/index.php\/wp-json\/wp\/v2\/product"}],"about":[{"href":"https:\/\/casadastintasans.com.br\/index.php\/wp-json\/wp\/v2\/types\/product"}],"wp:featuredmedia":[{"embeddable":true,"href":"https:\/\/casadastintasans.com.br\/index.php\/wp-json\/wp\/v2\/media\/27708"}],"wp:attachment":[{"href":"https:\/\/casadastintasans.com.br\/index.php\/wp-json\/wp\/v2\/media?parent=27707"}],"wp:term":[{"taxonomy":"product_brand","embeddable":true,"href":"https:\/\/casadastintasans.com.br\/index.php\/wp-json\/wp\/v2\/product_brand?post=27707"},{"taxonomy":"product_cat","embeddable":true,"href":"https:\/\/casadastintasans.com.br\/index.php\/wp-json\/wp\/v2\/product_cat?post=27707"},{"taxonomy":"product_tag","embeddable":true,"href":"https:\/\/casadastintasans.com.br\/index.php\/wp-json\/wp\/v2\/product_tag?post=27707"}],"curies":[{"name":"wp","href":"https:\/\/api.w.org\/{rel}","templated":true}]}}