{"id":27705,"date":"2021-06-24T16:58:42","date_gmt":"2021-06-24T16:58:42","guid":{"rendered":"http:\/\/casadastintasans.com.br\/?post_type=product&#038;p=27705"},"modified":"2021-06-24T16:58:43","modified_gmt":"2021-06-24T16:58:43","slug":"luva-de-protecao-at1304-eg","status":"publish","type":"product","link":"https:\/\/casadastintasans.com.br\/index.php\/produto\/luva-de-protecao-at1304-eg\/","title":{"rendered":"LUVA DE PROTE\u00c7\u00c3O AT1304 EG"},"content":{"rendered":"","protected":false},"excerpt":{"rendered":"<p>Luvas de seguran\u00e7a contra agentes mec\u00e2nicos confeccionada em malha de poli\u00e9ster e Nylon, com banho de poliuretano (PU) antiderrapante na palma e nos dedos, punho el\u00e1stico, nos tamanhos M, G e EG. Ideal para trabalhos de manuten\u00e7\u00e3o, transporte e montagem de pequenas pe\u00e7as.<\/p>\n","protected":false},"featured_media":27706,"template":"","meta":[],"product_brand":[],"product_cat":[145,208],"product_tag":[],"class_list":{"0":"post-27705","1":"product","2":"type-product","3":"status-publish","4":"has-post-thumbnail","6":"product_cat-acessorios","7":"product_cat-protecao","9":"first","10":"instock","11":"shipping-taxable","12":"product-type-simple"},"aioseo_notices":[],"_links":{"self":[{"href":"https:\/\/casadastintasans.com.br\/index.php\/wp-json\/wp\/v2\/product\/27705","targetHints":{"allow":["GET"]}}],"collection":[{"href":"https:\/\/casadastintasans.com.br\/index.php\/wp-json\/wp\/v2\/product"}],"about":[{"href":"https:\/\/casadastintasans.com.br\/index.php\/wp-json\/wp\/v2\/types\/product"}],"wp:featuredmedia":[{"embeddable":true,"href":"https:\/\/casadastintasans.com.br\/index.php\/wp-json\/wp\/v2\/media\/27706"}],"wp:attachment":[{"href":"https:\/\/casadastintasans.com.br\/index.php\/wp-json\/wp\/v2\/media?parent=27705"}],"wp:term":[{"taxonomy":"product_brand","embeddable":true,"href":"https:\/\/casadastintasans.com.br\/index.php\/wp-json\/wp\/v2\/product_brand?post=27705"},{"taxonomy":"product_cat","embeddable":true,"href":"https:\/\/casadastintasans.com.br\/index.php\/wp-json\/wp\/v2\/product_cat?post=27705"},{"taxonomy":"product_tag","embeddable":true,"href":"https:\/\/casadastintasans.com.br\/index.php\/wp-json\/wp\/v2\/product_tag?post=27705"}],"curies":[{"name":"wp","href":"https:\/\/api.w.org\/{rel}","templated":true}]}}