{"id":27701,"date":"2021-06-24T16:52:11","date_gmt":"2021-06-24T16:52:11","guid":{"rendered":"http:\/\/casadastintasans.com.br\/?post_type=product&#038;p=27701"},"modified":"2021-06-24T16:52:12","modified_gmt":"2021-06-24T16:52:12","slug":"luva-de-protecao-at1304-m","status":"publish","type":"product","link":"https:\/\/casadastintasans.com.br\/index.php\/produto\/luva-de-protecao-at1304-m\/","title":{"rendered":"LUVA DE PROTE\u00c7\u00c3O AT1304 M"},"content":{"rendered":"","protected":false},"excerpt":{"rendered":"<p>Luvas de seguran\u00e7a contra agentes mec\u00e2nicos confeccionada em malha de poli\u00e9ster e Nylon, com banho de poliuretano (PU) antiderrapante na palma e nos dedos, punho el\u00e1stico, nos tamanhos M, G e EG. Ideal para trabalhos de manuten\u00e7\u00e3o, transporte e montagem de pequenas pe\u00e7as.<\/p>\n","protected":false},"featured_media":27702,"template":"","meta":[],"product_brand":[],"product_cat":[145,208],"product_tag":[],"class_list":{"0":"post-27701","1":"product","2":"type-product","3":"status-publish","4":"has-post-thumbnail","6":"product_cat-acessorios","7":"product_cat-protecao","9":"first","10":"instock","11":"shipping-taxable","12":"product-type-simple"},"aioseo_notices":[],"_links":{"self":[{"href":"https:\/\/casadastintasans.com.br\/index.php\/wp-json\/wp\/v2\/product\/27701","targetHints":{"allow":["GET"]}}],"collection":[{"href":"https:\/\/casadastintasans.com.br\/index.php\/wp-json\/wp\/v2\/product"}],"about":[{"href":"https:\/\/casadastintasans.com.br\/index.php\/wp-json\/wp\/v2\/types\/product"}],"wp:featuredmedia":[{"embeddable":true,"href":"https:\/\/casadastintasans.com.br\/index.php\/wp-json\/wp\/v2\/media\/27702"}],"wp:attachment":[{"href":"https:\/\/casadastintasans.com.br\/index.php\/wp-json\/wp\/v2\/media?parent=27701"}],"wp:term":[{"taxonomy":"product_brand","embeddable":true,"href":"https:\/\/casadastintasans.com.br\/index.php\/wp-json\/wp\/v2\/product_brand?post=27701"},{"taxonomy":"product_cat","embeddable":true,"href":"https:\/\/casadastintasans.com.br\/index.php\/wp-json\/wp\/v2\/product_cat?post=27701"},{"taxonomy":"product_tag","embeddable":true,"href":"https:\/\/casadastintasans.com.br\/index.php\/wp-json\/wp\/v2\/product_tag?post=27701"}],"curies":[{"name":"wp","href":"https:\/\/api.w.org\/{rel}","templated":true}]}}