{"id":27693,"date":"2021-06-24T16:12:00","date_gmt":"2021-06-24T16:12:00","guid":{"rendered":"http:\/\/casadastintasans.com.br\/?post_type=product&#038;p=27693"},"modified":"2021-06-24T16:12:01","modified_gmt":"2021-06-24T16:12:01","slug":"atlas-trincha-419-3","status":"publish","type":"product","link":"https:\/\/casadastintasans.com.br\/index.php\/produto\/atlas-trincha-419-3\/","title":{"rendered":"ATLAS TRINCHA 419 3&#8221;"},"content":{"rendered":"","protected":false},"excerpt":{"rendered":"<p>Trincha dupla de cerdas suaves brancas. \u00d3timo acabamento. Boa capacidade de reten\u00e7\u00e3o de tinta. Ideal para pinturas com verniz e stains.<\/p>\n","protected":false},"featured_media":27694,"template":"","meta":[],"product_brand":[],"product_cat":[145,163],"product_tag":[],"class_list":{"0":"post-27693","1":"product","2":"type-product","3":"status-publish","4":"has-post-thumbnail","6":"product_cat-acessorios","7":"product_cat-pinceis","9":"first","10":"instock","11":"shipping-taxable","12":"product-type-simple"},"aioseo_notices":[],"_links":{"self":[{"href":"https:\/\/casadastintasans.com.br\/index.php\/wp-json\/wp\/v2\/product\/27693","targetHints":{"allow":["GET"]}}],"collection":[{"href":"https:\/\/casadastintasans.com.br\/index.php\/wp-json\/wp\/v2\/product"}],"about":[{"href":"https:\/\/casadastintasans.com.br\/index.php\/wp-json\/wp\/v2\/types\/product"}],"wp:featuredmedia":[{"embeddable":true,"href":"https:\/\/casadastintasans.com.br\/index.php\/wp-json\/wp\/v2\/media\/27694"}],"wp:attachment":[{"href":"https:\/\/casadastintasans.com.br\/index.php\/wp-json\/wp\/v2\/media?parent=27693"}],"wp:term":[{"taxonomy":"product_brand","embeddable":true,"href":"https:\/\/casadastintasans.com.br\/index.php\/wp-json\/wp\/v2\/product_brand?post=27693"},{"taxonomy":"product_cat","embeddable":true,"href":"https:\/\/casadastintasans.com.br\/index.php\/wp-json\/wp\/v2\/product_cat?post=27693"},{"taxonomy":"product_tag","embeddable":true,"href":"https:\/\/casadastintasans.com.br\/index.php\/wp-json\/wp\/v2\/product_tag?post=27693"}],"curies":[{"name":"wp","href":"https:\/\/api.w.org\/{rel}","templated":true}]}}