{"id":27683,"date":"2021-06-23T18:58:39","date_gmt":"2021-06-23T18:58:39","guid":{"rendered":"http:\/\/casadastintasans.com.br\/?post_type=product&#038;p=27683"},"modified":"2021-06-23T18:58:40","modified_gmt":"2021-06-23T18:58:40","slug":"atlas-trincha-419-1","status":"publish","type":"product","link":"https:\/\/casadastintasans.com.br\/index.php\/produto\/atlas-trincha-419-1\/","title":{"rendered":"ATLAS TRINCHA 419 1&#8221;"},"content":{"rendered":"","protected":false},"excerpt":{"rendered":"<p>Trincha dupla de cerdas suaves brancas. \u00d3timo acabamento. Boa capacidade de reten\u00e7\u00e3o de tinta. Ideal para pinturas com verniz e stains.<\/p>\n","protected":false},"featured_media":27684,"template":"","meta":[],"product_brand":[],"product_cat":[145,163],"product_tag":[],"class_list":{"0":"post-27683","1":"product","2":"type-product","3":"status-publish","4":"has-post-thumbnail","6":"product_cat-acessorios","7":"product_cat-pinceis","9":"first","10":"instock","11":"shipping-taxable","12":"product-type-simple"},"aioseo_notices":[],"_links":{"self":[{"href":"https:\/\/casadastintasans.com.br\/index.php\/wp-json\/wp\/v2\/product\/27683","targetHints":{"allow":["GET"]}}],"collection":[{"href":"https:\/\/casadastintasans.com.br\/index.php\/wp-json\/wp\/v2\/product"}],"about":[{"href":"https:\/\/casadastintasans.com.br\/index.php\/wp-json\/wp\/v2\/types\/product"}],"wp:featuredmedia":[{"embeddable":true,"href":"https:\/\/casadastintasans.com.br\/index.php\/wp-json\/wp\/v2\/media\/27684"}],"wp:attachment":[{"href":"https:\/\/casadastintasans.com.br\/index.php\/wp-json\/wp\/v2\/media?parent=27683"}],"wp:term":[{"taxonomy":"product_brand","embeddable":true,"href":"https:\/\/casadastintasans.com.br\/index.php\/wp-json\/wp\/v2\/product_brand?post=27683"},{"taxonomy":"product_cat","embeddable":true,"href":"https:\/\/casadastintasans.com.br\/index.php\/wp-json\/wp\/v2\/product_cat?post=27683"},{"taxonomy":"product_tag","embeddable":true,"href":"https:\/\/casadastintasans.com.br\/index.php\/wp-json\/wp\/v2\/product_tag?post=27683"}],"curies":[{"name":"wp","href":"https:\/\/api.w.org\/{rel}","templated":true}]}}