{"id":27669,"date":"2021-06-23T18:33:54","date_gmt":"2021-06-23T18:33:54","guid":{"rendered":"http:\/\/casadastintasans.com.br\/?post_type=product&#038;p=27669"},"modified":"2021-06-23T18:33:54","modified_gmt":"2021-06-23T18:33:54","slug":"atlas-trincha-395-4","status":"publish","type":"product","link":"https:\/\/casadastintasans.com.br\/index.php\/produto\/atlas-trincha-395-4\/","title":{"rendered":"ATLAS TRINCHA 395 4&#8221;"},"content":{"rendered":"","protected":false},"excerpt":{"rendered":"<p>Trincha com cerdas gris selecionadas. Excelente rela\u00e7\u00e3o pre\u00e7o \/ qualidade. Indicada para l\u00e1tex e acr\u00edlica.<\/p>\n","protected":false},"featured_media":27670,"template":"","meta":[],"product_brand":[],"product_cat":[145,163],"product_tag":[],"class_list":{"0":"post-27669","1":"product","2":"type-product","3":"status-publish","4":"has-post-thumbnail","6":"product_cat-acessorios","7":"product_cat-pinceis","9":"first","10":"instock","11":"shipping-taxable","12":"product-type-simple"},"aioseo_notices":[],"_links":{"self":[{"href":"https:\/\/casadastintasans.com.br\/index.php\/wp-json\/wp\/v2\/product\/27669","targetHints":{"allow":["GET"]}}],"collection":[{"href":"https:\/\/casadastintasans.com.br\/index.php\/wp-json\/wp\/v2\/product"}],"about":[{"href":"https:\/\/casadastintasans.com.br\/index.php\/wp-json\/wp\/v2\/types\/product"}],"wp:featuredmedia":[{"embeddable":true,"href":"https:\/\/casadastintasans.com.br\/index.php\/wp-json\/wp\/v2\/media\/27670"}],"wp:attachment":[{"href":"https:\/\/casadastintasans.com.br\/index.php\/wp-json\/wp\/v2\/media?parent=27669"}],"wp:term":[{"taxonomy":"product_brand","embeddable":true,"href":"https:\/\/casadastintasans.com.br\/index.php\/wp-json\/wp\/v2\/product_brand?post=27669"},{"taxonomy":"product_cat","embeddable":true,"href":"https:\/\/casadastintasans.com.br\/index.php\/wp-json\/wp\/v2\/product_cat?post=27669"},{"taxonomy":"product_tag","embeddable":true,"href":"https:\/\/casadastintasans.com.br\/index.php\/wp-json\/wp\/v2\/product_tag?post=27669"}],"curies":[{"name":"wp","href":"https:\/\/api.w.org\/{rel}","templated":true}]}}