{"id":27660,"date":"2021-06-23T18:19:36","date_gmt":"2021-06-23T18:19:36","guid":{"rendered":"http:\/\/casadastintasans.com.br\/?post_type=product&#038;p=27660"},"modified":"2021-06-23T18:19:37","modified_gmt":"2021-06-23T18:19:37","slug":"atlas-trincha-395-1-1-2","status":"publish","type":"product","link":"https:\/\/casadastintasans.com.br\/index.php\/produto\/atlas-trincha-395-1-1-2\/","title":{"rendered":"ATLAS TRINCHA 395 1 1\/2&#8221;"},"content":{"rendered":"","protected":false},"excerpt":{"rendered":"<p>Trincha com cerdas gris selecionadas. Excelente rela\u00e7\u00e3o pre\u00e7o \/ qualidade. Indicada para l\u00e1tex e acr\u00edlica.<\/p>\n","protected":false},"featured_media":27661,"template":"","meta":[],"product_brand":[],"product_cat":[145,163],"product_tag":[],"class_list":{"0":"post-27660","1":"product","2":"type-product","3":"status-publish","4":"has-post-thumbnail","6":"product_cat-acessorios","7":"product_cat-pinceis","9":"first","10":"instock","11":"shipping-taxable","12":"product-type-simple"},"aioseo_notices":[],"_links":{"self":[{"href":"https:\/\/casadastintasans.com.br\/index.php\/wp-json\/wp\/v2\/product\/27660","targetHints":{"allow":["GET"]}}],"collection":[{"href":"https:\/\/casadastintasans.com.br\/index.php\/wp-json\/wp\/v2\/product"}],"about":[{"href":"https:\/\/casadastintasans.com.br\/index.php\/wp-json\/wp\/v2\/types\/product"}],"wp:featuredmedia":[{"embeddable":true,"href":"https:\/\/casadastintasans.com.br\/index.php\/wp-json\/wp\/v2\/media\/27661"}],"wp:attachment":[{"href":"https:\/\/casadastintasans.com.br\/index.php\/wp-json\/wp\/v2\/media?parent=27660"}],"wp:term":[{"taxonomy":"product_brand","embeddable":true,"href":"https:\/\/casadastintasans.com.br\/index.php\/wp-json\/wp\/v2\/product_brand?post=27660"},{"taxonomy":"product_cat","embeddable":true,"href":"https:\/\/casadastintasans.com.br\/index.php\/wp-json\/wp\/v2\/product_cat?post=27660"},{"taxonomy":"product_tag","embeddable":true,"href":"https:\/\/casadastintasans.com.br\/index.php\/wp-json\/wp\/v2\/product_tag?post=27660"}],"curies":[{"name":"wp","href":"https:\/\/api.w.org\/{rel}","templated":true}]}}