{"id":27609,"date":"2021-06-22T19:58:13","date_gmt":"2021-06-22T19:58:13","guid":{"rendered":"http:\/\/casadastintasans.com.br\/?post_type=product&#038;p=27609"},"modified":"2021-06-22T19:58:14","modified_gmt":"2021-06-22T19:58:14","slug":"suvinil-efeito-rustico-30kg","status":"publish","type":"product","link":"https:\/\/casadastintasans.com.br\/index.php\/produto\/suvinil-efeito-rustico-30kg\/","title":{"rendered":"Suvinil Efeito R\u00fastico 30kg"},"content":{"rendered":"","protected":false},"excerpt":{"rendered":"<div class=\"styled__Container-aprr3l-0 YqVXC\">\n<div class=\"styled__Container-sc-1k1vkjz-0 bsTmQr\">\n<div class=\"styled__Content-sc-16panhj-1 iQwRIL\">\n<div class=\"styled__Product-sc-1k1vkjz-3 inrGaR\">\n<div class=\"flex\">\n<div class=\"content\">\n<div class=\"description\">\n<p>Suvinil Efeito R\u00fastico \u00e9 uma textura com gr\u00e3os maiores que, conforme voc\u00ea aplica na sua parede, formam o riscado charmoso do r\u00fastico. Mas sua funcionalidade vai muito al\u00e9m da apar\u00eancia. O Efeito R\u00fastico possui uma tecnologia que repele a \u00e1gua, prevenindo problemas com infiltra\u00e7\u00f5es. Ader\u00eancia, resist\u00eancia e durabilidade aliadas ao charme do r\u00fastico.<\/p>\n<\/div>\n<\/div>\n<\/div>\n<\/div>\n<\/div>\n<\/div>\n<\/div>\n<div class=\"styled__Container-c3otan-0 sLHrg\">\n<div class=\"styled__Container-aprr3l-0 YqVXC\">\n<div class=\"styled__Padding-c3otan-1 ffmULp\">\n<div class=\"styled__SubtitlePage-c3otan-2 GYnQY\"><\/div>\n<\/div>\n<\/div>\n<\/div>\n","protected":false},"featured_media":27610,"template":"","meta":[],"product_brand":[],"product_cat":[162,179,144,153,174],"product_tag":[],"class_list":{"0":"post-27609","1":"product","2":"type-product","3":"status-publish","4":"has-post-thumbnail","6":"product_cat-exterior","7":"product_cat-interior","8":"product_cat-linha-imobiliaria","9":"product_cat-suvinil","10":"product_cat-texturas","12":"first","13":"instock","14":"shipping-taxable","15":"product-type-simple"},"aioseo_notices":[],"_links":{"self":[{"href":"https:\/\/casadastintasans.com.br\/index.php\/wp-json\/wp\/v2\/product\/27609","targetHints":{"allow":["GET"]}}],"collection":[{"href":"https:\/\/casadastintasans.com.br\/index.php\/wp-json\/wp\/v2\/product"}],"about":[{"href":"https:\/\/casadastintasans.com.br\/index.php\/wp-json\/wp\/v2\/types\/product"}],"wp:featuredmedia":[{"embeddable":true,"href":"https:\/\/casadastintasans.com.br\/index.php\/wp-json\/wp\/v2\/media\/27610"}],"wp:attachment":[{"href":"https:\/\/casadastintasans.com.br\/index.php\/wp-json\/wp\/v2\/media?parent=27609"}],"wp:term":[{"taxonomy":"product_brand","embeddable":true,"href":"https:\/\/casadastintasans.com.br\/index.php\/wp-json\/wp\/v2\/product_brand?post=27609"},{"taxonomy":"product_cat","embeddable":true,"href":"https:\/\/casadastintasans.com.br\/index.php\/wp-json\/wp\/v2\/product_cat?post=27609"},{"taxonomy":"product_tag","embeddable":true,"href":"https:\/\/casadastintasans.com.br\/index.php\/wp-json\/wp\/v2\/product_tag?post=27609"}],"curies":[{"name":"wp","href":"https:\/\/api.w.org\/{rel}","templated":true}]}}