{"id":27603,"date":"2021-06-22T19:48:06","date_gmt":"2021-06-22T19:48:06","guid":{"rendered":"http:\/\/casadastintasans.com.br\/?post_type=product&#038;p=27603"},"modified":"2021-06-22T19:51:18","modified_gmt":"2021-06-22T19:51:18","slug":"suvinil-pisos-36l","status":"publish","type":"product","link":"https:\/\/casadastintasans.com.br\/index.php\/produto\/suvinil-pisos-36l\/","title":{"rendered":"Suvinil Pisos Acr\u00edlico Premium 3,6L"},"content":{"rendered":"","protected":false},"excerpt":{"rendered":"<div class=\"styled__Container-aprr3l-0 YqVXC\">\n<div class=\"styled__Container-sc-1k1vkjz-0 bsTmQr\">\n<div class=\"styled__Content-sc-16panhj-1 iQwRIL\">\n<div class=\"styled__Product-sc-1k1vkjz-3 inrGaR\">\n<div class=\"flex\">\n<div class=\"content\">\n<div class=\"description\">\n<p>Suvinil Pisos \u00e9 uma tinta acr\u00edlica de acabamento fosco. Tinta para piso de cer\u00e2mica, piso de cimento, garagem, cal\u00e7ada, quadra, \u00e1rea de lazer e at\u00e9 escadas. \u00c9 um produto de f\u00e1cil aplica\u00e7\u00e3o, com alta cobertura e \u00f3tima resist\u00eancia contra as a\u00e7\u00f5es do tempo e passagens de pessoas e carros. Sua versatilidade o ajuda na hora de decorar e compor o ambiente.<\/p>\n<\/div>\n<\/div>\n<\/div>\n<\/div>\n<\/div>\n<\/div>\n<\/div>\n<div class=\"styled__Container-c3otan-0 sLHrg\">\n<div class=\"styled__Container-aprr3l-0 YqVXC\"><\/div>\n<\/div>\n<div class=\"styled__Container-aprr3l-0 YqVXC\">\n<div class=\"styled__Container-sc-1t2i7xc-0 iRjFHg\">\n<div class=\"styled__SubtitlePage-sc-1t2i7xc-1 iKA-DtZ\"><\/div>\n<\/div>\n<\/div>\n","protected":false},"featured_media":27604,"template":"","meta":[],"product_brand":[],"product_cat":[162,179,144,187,153],"product_tag":[],"class_list":{"0":"post-27603","1":"product","2":"type-product","3":"status-publish","4":"has-post-thumbnail","6":"product_cat-exterior","7":"product_cat-interior","8":"product_cat-linha-imobiliaria","9":"product_cat-pisos","10":"product_cat-suvinil","12":"first","13":"instock","14":"shipping-taxable","15":"product-type-simple"},"aioseo_notices":[],"_links":{"self":[{"href":"https:\/\/casadastintasans.com.br\/index.php\/wp-json\/wp\/v2\/product\/27603","targetHints":{"allow":["GET"]}}],"collection":[{"href":"https:\/\/casadastintasans.com.br\/index.php\/wp-json\/wp\/v2\/product"}],"about":[{"href":"https:\/\/casadastintasans.com.br\/index.php\/wp-json\/wp\/v2\/types\/product"}],"wp:featuredmedia":[{"embeddable":true,"href":"https:\/\/casadastintasans.com.br\/index.php\/wp-json\/wp\/v2\/media\/27604"}],"wp:attachment":[{"href":"https:\/\/casadastintasans.com.br\/index.php\/wp-json\/wp\/v2\/media?parent=27603"}],"wp:term":[{"taxonomy":"product_brand","embeddable":true,"href":"https:\/\/casadastintasans.com.br\/index.php\/wp-json\/wp\/v2\/product_brand?post=27603"},{"taxonomy":"product_cat","embeddable":true,"href":"https:\/\/casadastintasans.com.br\/index.php\/wp-json\/wp\/v2\/product_cat?post=27603"},{"taxonomy":"product_tag","embeddable":true,"href":"https:\/\/casadastintasans.com.br\/index.php\/wp-json\/wp\/v2\/product_tag?post=27603"}],"curies":[{"name":"wp","href":"https:\/\/api.w.org\/{rel}","templated":true}]}}