{"id":27599,"date":"2021-06-22T19:12:48","date_gmt":"2021-06-22T19:12:48","guid":{"rendered":"http:\/\/casadastintasans.com.br\/?post_type=product&#038;p=27599"},"modified":"2021-06-22T19:12:48","modified_gmt":"2021-06-22T19:12:48","slug":"suvinil-verniz-tinge-e-protege-brilhante-36l","status":"publish","type":"product","link":"https:\/\/casadastintasans.com.br\/index.php\/produto\/suvinil-verniz-tinge-e-protege-brilhante-36l\/","title":{"rendered":"Suvinil Verniz Tinge E Protege Brilhante 3,6L"},"content":{"rendered":"","protected":false},"excerpt":{"rendered":"<div class=\"styled__Container-aprr3l-0 YqVXC\">\n<div class=\"styled__Container-sc-1k1vkjz-0 bsTmQr\">\n<div class=\"styled__Content-sc-16panhj-1 iQwRIL\">\n<div class=\"styled__Product-sc-1k1vkjz-3 inrGaR\">\n<div class=\"flex\">\n<div class=\"content\">\n<div class=\"description\">\n<p>Suvinil Verniz Tinge &amp; Protege \u00e9 um verniz tingidor que \u00e9 usado para proteger superf\u00edcies de madeira da chuva e sol. Atrav\u00e9s de uma camada que previne e protege da a\u00e7\u00e3o do tempo, ele real\u00e7a os veios naturais proporcionando um aspecto natural e uma nova cor para a superf\u00edcie. Verniz da Suvinil \u00e9 renova\u00e7\u00e3o e prote\u00e7\u00e3o.<\/p>\n<\/div>\n<\/div>\n<\/div>\n<\/div>\n<\/div>\n<\/div>\n<\/div>\n<div class=\"styled__Container-c3otan-0 sLHrg\">\n<div class=\"styled__Container-aprr3l-0 YqVXC\"><\/div>\n<\/div>\n<div class=\"styled__Container-aprr3l-0 YqVXC\">\n<div class=\"styled__Container-sc-1t2i7xc-0 iRjFHg\">\n<div class=\"styled__SubtitlePage-sc-1t2i7xc-1 iKA-DtZ\"><\/div>\n<\/div>\n<\/div>\n","protected":false},"featured_media":27600,"template":"","meta":[],"product_brand":[],"product_cat":[144,158,153,193],"product_tag":[],"class_list":{"0":"post-27599","1":"product","2":"type-product","3":"status-publish","4":"has-post-thumbnail","6":"product_cat-linha-imobiliaria","7":"product_cat-madeiras","8":"product_cat-suvinil","9":"product_cat-vernizes","11":"first","12":"instock","13":"shipping-taxable","14":"product-type-simple"},"aioseo_notices":[],"_links":{"self":[{"href":"https:\/\/casadastintasans.com.br\/index.php\/wp-json\/wp\/v2\/product\/27599","targetHints":{"allow":["GET"]}}],"collection":[{"href":"https:\/\/casadastintasans.com.br\/index.php\/wp-json\/wp\/v2\/product"}],"about":[{"href":"https:\/\/casadastintasans.com.br\/index.php\/wp-json\/wp\/v2\/types\/product"}],"wp:featuredmedia":[{"embeddable":true,"href":"https:\/\/casadastintasans.com.br\/index.php\/wp-json\/wp\/v2\/media\/27600"}],"wp:attachment":[{"href":"https:\/\/casadastintasans.com.br\/index.php\/wp-json\/wp\/v2\/media?parent=27599"}],"wp:term":[{"taxonomy":"product_brand","embeddable":true,"href":"https:\/\/casadastintasans.com.br\/index.php\/wp-json\/wp\/v2\/product_brand?post=27599"},{"taxonomy":"product_cat","embeddable":true,"href":"https:\/\/casadastintasans.com.br\/index.php\/wp-json\/wp\/v2\/product_cat?post=27599"},{"taxonomy":"product_tag","embeddable":true,"href":"https:\/\/casadastintasans.com.br\/index.php\/wp-json\/wp\/v2\/product_tag?post=27599"}],"curies":[{"name":"wp","href":"https:\/\/api.w.org\/{rel}","templated":true}]}}