{"id":27597,"date":"2021-06-22T19:08:10","date_gmt":"2021-06-22T19:08:10","guid":{"rendered":"http:\/\/casadastintasans.com.br\/?post_type=product&#038;p=27597"},"modified":"2021-06-22T19:08:52","modified_gmt":"2021-06-22T19:08:52","slug":"suvinil-verniz-seca-rapido-brilhante-36l","status":"publish","type":"product","link":"https:\/\/casadastintasans.com.br\/index.php\/produto\/suvinil-verniz-seca-rapido-brilhante-36l\/","title":{"rendered":"Suvinil Verniz Seca Rapido Brilhante 3,6L"},"content":{"rendered":"","protected":false},"excerpt":{"rendered":"<div class=\"styled__Container-aprr3l-0 YqVXC\">\n<div class=\"styled__Container-sc-1k1vkjz-0 bsTmQr\">\n<div class=\"styled__Content-sc-16panhj-1 iQwRIL\">\n<div class=\"styled__Product-sc-1k1vkjz-3 inrGaR\">\n<div class=\"flex\">\n<div class=\"content\">\n<div class=\"description\">\n<p>Verniz Suvinil Seca R\u00e1pido \u00e9 um verniz base \u00e1gua premium com tripla a\u00e7\u00e3o protetora para madeiras. Ele protege sua madeira contra a sol e chuva e seca em at\u00e9 30 minutos. Al\u00e9m disso, o verniz resiste 3 vezes mais \u00e0 a\u00e7\u00e3o do tempo, preservando o aspecto natural da madeira. Sua casa com brilho e bem cuidada.<\/p>\n<\/div>\n<\/div>\n<\/div>\n<\/div>\n<\/div>\n<\/div>\n<\/div>\n<div class=\"styled__Container-c3otan-0 sLHrg\">\n<div class=\"styled__Container-aprr3l-0 YqVXC\"><\/div>\n<\/div>\n<div class=\"styled__Container-aprr3l-0 YqVXC\">\n<div class=\"styled__Container-sc-1t2i7xc-0 iRjFHg\">\n<div class=\"styled__SubtitlePage-sc-1t2i7xc-1 iKA-DtZ\"><\/div>\n<\/div>\n<\/div>\n","protected":false},"featured_media":27598,"template":"","meta":[],"product_brand":[],"product_cat":[162,179,144,153,193],"product_tag":[],"class_list":{"0":"post-27597","1":"product","2":"type-product","3":"status-publish","4":"has-post-thumbnail","6":"product_cat-exterior","7":"product_cat-interior","8":"product_cat-linha-imobiliaria","9":"product_cat-suvinil","10":"product_cat-vernizes","12":"first","13":"instock","14":"shipping-taxable","15":"product-type-simple"},"aioseo_notices":[],"_links":{"self":[{"href":"https:\/\/casadastintasans.com.br\/index.php\/wp-json\/wp\/v2\/product\/27597","targetHints":{"allow":["GET"]}}],"collection":[{"href":"https:\/\/casadastintasans.com.br\/index.php\/wp-json\/wp\/v2\/product"}],"about":[{"href":"https:\/\/casadastintasans.com.br\/index.php\/wp-json\/wp\/v2\/types\/product"}],"wp:featuredmedia":[{"embeddable":true,"href":"https:\/\/casadastintasans.com.br\/index.php\/wp-json\/wp\/v2\/media\/27598"}],"wp:attachment":[{"href":"https:\/\/casadastintasans.com.br\/index.php\/wp-json\/wp\/v2\/media?parent=27597"}],"wp:term":[{"taxonomy":"product_brand","embeddable":true,"href":"https:\/\/casadastintasans.com.br\/index.php\/wp-json\/wp\/v2\/product_brand?post=27597"},{"taxonomy":"product_cat","embeddable":true,"href":"https:\/\/casadastintasans.com.br\/index.php\/wp-json\/wp\/v2\/product_cat?post=27597"},{"taxonomy":"product_tag","embeddable":true,"href":"https:\/\/casadastintasans.com.br\/index.php\/wp-json\/wp\/v2\/product_tag?post=27597"}],"curies":[{"name":"wp","href":"https:\/\/api.w.org\/{rel}","templated":true}]}}