{"id":27595,"date":"2021-06-22T18:39:38","date_gmt":"2021-06-22T18:39:38","guid":{"rendered":"http:\/\/casadastintasans.com.br\/?post_type=product&#038;p=27595"},"modified":"2021-06-22T18:39:38","modified_gmt":"2021-06-22T18:39:38","slug":"suvinil-toque-de-seda-36l","status":"publish","type":"product","link":"https:\/\/casadastintasans.com.br\/index.php\/produto\/suvinil-toque-de-seda-36l\/","title":{"rendered":"Suvinil Toque De Seda 3,6L"},"content":{"rendered":"","protected":false},"excerpt":{"rendered":"<div class=\"styled__Container-aprr3l-0 YqVXC\">\n<div class=\"styled__Container-sc-1k1vkjz-0 bsTmQr\">\n<div class=\"styled__Content-sc-16panhj-1 iQwRIL\">\n<div class=\"styled__Product-sc-1k1vkjz-3 inrGaR\">\n<div class=\"flex\">\n<div class=\"content\">\n<div class=\"description\">\n<p>Suvinil Toque de Seda \u00e9 a sua parede mais sofisticada. Uma tinta que vai manter o brilho em superf\u00edcies externas e internas perfeita por mais tempo. D\u00ea um toque de requinte e praticidade aos ambientes com o seu acabamento acetinado. Seu brilho suave proporciona extrema facilidade de limpeza. Isso tudo sem deixar cheiro. Veja o nosso leque de cores para conhecer as op\u00e7\u00f5es dispon\u00edveis.<\/p>\n<\/div>\n<\/div>\n<\/div>\n<\/div>\n<\/div>\n<\/div>\n<\/div>\n<div class=\"styled__Container-c3otan-0 sLHrg\">\n<div class=\"styled__Container-aprr3l-0 YqVXC\">\n<div class=\"styled__Padding-c3otan-1 ffmULp\">\n<div class=\"styled__SubtitlePage-c3otan-2 GYnQY\"><\/div>\n<\/div>\n<\/div>\n<\/div>\n","protected":false},"featured_media":27596,"template":"","meta":[],"product_brand":[],"product_cat":[162,179,144,153,180],"product_tag":[],"class_list":{"0":"post-27595","1":"product","2":"type-product","3":"status-publish","4":"has-post-thumbnail","6":"product_cat-exterior","7":"product_cat-interior","8":"product_cat-linha-imobiliaria","9":"product_cat-suvinil","10":"product_cat-tintas","12":"first","13":"instock","14":"shipping-taxable","15":"product-type-simple"},"aioseo_notices":[],"_links":{"self":[{"href":"https:\/\/casadastintasans.com.br\/index.php\/wp-json\/wp\/v2\/product\/27595","targetHints":{"allow":["GET"]}}],"collection":[{"href":"https:\/\/casadastintasans.com.br\/index.php\/wp-json\/wp\/v2\/product"}],"about":[{"href":"https:\/\/casadastintasans.com.br\/index.php\/wp-json\/wp\/v2\/types\/product"}],"wp:featuredmedia":[{"embeddable":true,"href":"https:\/\/casadastintasans.com.br\/index.php\/wp-json\/wp\/v2\/media\/27596"}],"wp:attachment":[{"href":"https:\/\/casadastintasans.com.br\/index.php\/wp-json\/wp\/v2\/media?parent=27595"}],"wp:term":[{"taxonomy":"product_brand","embeddable":true,"href":"https:\/\/casadastintasans.com.br\/index.php\/wp-json\/wp\/v2\/product_brand?post=27595"},{"taxonomy":"product_cat","embeddable":true,"href":"https:\/\/casadastintasans.com.br\/index.php\/wp-json\/wp\/v2\/product_cat?post=27595"},{"taxonomy":"product_tag","embeddable":true,"href":"https:\/\/casadastintasans.com.br\/index.php\/wp-json\/wp\/v2\/product_tag?post=27595"}],"curies":[{"name":"wp","href":"https:\/\/api.w.org\/{rel}","templated":true}]}}